{"id":1907,"date":"2018-06-27T11:39:57","date_gmt":"2018-06-27T11:39:57","guid":{"rendered":"https:\/\/dejong-notaris.nl\/de\/?page_id=1907"},"modified":"2018-11-01T14:47:55","modified_gmt":"2018-11-01T14:47:55","slug":"testament","status":"publish","type":"page","link":"https:\/\/dejong-notaris.nl\/de\/personen-und-familienrecht\/testament\/","title":{"rendered":"Testament"},"content":{"rendered":"<div class=\"wpb-content-wrapper\"><p>[vc_row][vc_column][vc_column_text]Wenn Sie sterben, m\u00f6chten Sie, dass f\u00fcr Ihre Hinterbliebenen alles gut geregelt ist. In einem Testament k\u00f6nnen Sie allerhand regeln. Wer Ihre Erben sind oder gerade nicht. Wer Vormund \u00fcber Ihre Kinder wird. Oder wer das Gem\u00e4lde von Rembrandt bekommt. Aber damit k\u00f6nnen Sie auch steuerrechtliche R\u00fcckschl\u00e4ge verh\u00fcten. Lassen Sie sich informieren und vereinbaren Sie einen Termin in unserer Kanzlei. F\u00fcr nur \u20ac 90,00 scannen wir in einem Gespr\u00e4ch Ihr jetziges Testament. Wenn Sie sich entschlie\u00dfen Ihr Testament anzupassen oder wenn das alte Testament \u00a0von uns gemacht wurde, dann unterlassen wir selbstverst\u00e4ndlich diese Kosten.[\/vc_column_text][\/vc_column][\/vc_row]<\/p>\n<\/div>","protected":false},"excerpt":{"rendered":"<p>[vc_row][vc_column][vc_column_text]Wenn Sie sterben, m\u00f6chten Sie, dass f\u00fcr Ihre Hinterbliebenen alles gut geregelt ist. In einem Testament k\u00f6nnen Sie allerhand regeln. Wer Ihre Erben sind oder gerade nicht. Wer Vormund \u00fcber Ihre Kinder wird. Oder wer das Gem\u00e4lde von Rembrandt bekommt. Aber damit k\u00f6nnen Sie auch steuerrechtliche R\u00fcckschl\u00e4ge verh\u00fcten. Lassen Sie sich informieren und vereinbaren Sie&hellip;<\/p>\n","protected":false},"author":1,"featured_media":0,"parent":1889,"menu_order":0,"comment_status":"closed","ping_status":"closed","template":"","meta":{"footnotes":""},"class_list":["post-1907","page","type-page","status-publish","hentry","description-off"],"yoast_head":"<!-- This site is optimized with the Yoast SEO plugin v27.4 - https:\/\/yoast.com\/product\/yoast-seo-wordpress\/ -->\n<title>Testament - De Jong Notaris DE<\/title>\n<meta name=\"robots\" content=\"index, follow, max-snippet:-1, max-image-preview:large, max-video-preview:-1\" \/>\n<link rel=\"canonical\" href=\"https:\/\/dejong-notaris.nl\/de\/personen-und-familienrecht\/testament\/\" \/>\n<meta property=\"og:locale\" content=\"nl_NL\" \/>\n<meta property=\"og:type\" content=\"article\" \/>\n<meta property=\"og:title\" content=\"Testament - De Jong Notaris DE\" \/>\n<meta property=\"og:description\" content=\"[vc_row][vc_column][vc_column_text]Wenn Sie sterben, m\u00f6chten Sie, dass f\u00fcr Ihre Hinterbliebenen alles gut geregelt ist. In einem Testament k\u00f6nnen Sie allerhand regeln. Wer Ihre Erben sind oder gerade nicht. Wer Vormund \u00fcber Ihre Kinder wird. Oder wer das Gem\u00e4lde von Rembrandt bekommt. Aber damit k\u00f6nnen Sie auch steuerrechtliche R\u00fcckschl\u00e4ge verh\u00fcten. Lassen Sie sich informieren und vereinbaren Sie&hellip;\" \/>\n<meta property=\"og:url\" content=\"https:\/\/dejong-notaris.nl\/de\/personen-und-familienrecht\/testament\/\" \/>\n<meta property=\"og:site_name\" content=\"De Jong Notaris DE\" \/>\n<meta property=\"article:modified_time\" content=\"2018-11-01T14:47:55+00:00\" \/>\n<meta name=\"twitter:card\" content=\"summary_large_image\" \/>\n<meta name=\"twitter:label1\" content=\"Geschatte leestijd\" \/>\n\t<meta name=\"twitter:data1\" content=\"1 minuut\" \/>\n<script type=\"application\/ld+json\" class=\"yoast-schema-graph\">{\"@context\":\"https:\\\/\\\/schema.org\",\"@graph\":[{\"@type\":\"WebPage\",\"@id\":\"https:\\\/\\\/dejong-notaris.nl\\\/de\\\/personen-und-familienrecht\\\/testament\\\/\",\"url\":\"https:\\\/\\\/dejong-notaris.nl\\\/de\\\/personen-und-familienrecht\\\/testament\\\/\",\"name\":\"Testament - De Jong Notaris DE\",\"isPartOf\":{\"@id\":\"https:\\\/\\\/dejong-notaris.nl\\\/de\\\/#website\"},\"datePublished\":\"2018-06-27T11:39:57+00:00\",\"dateModified\":\"2018-11-01T14:47:55+00:00\",\"breadcrumb\":{\"@id\":\"https:\\\/\\\/dejong-notaris.nl\\\/de\\\/personen-und-familienrecht\\\/testament\\\/#breadcrumb\"},\"inLanguage\":\"nl-NL\",\"potentialAction\":[{\"@type\":\"ReadAction\",\"target\":[\"https:\\\/\\\/dejong-notaris.nl\\\/de\\\/personen-und-familienrecht\\\/testament\\\/\"]}]},{\"@type\":\"BreadcrumbList\",\"@id\":\"https:\\\/\\\/dejong-notaris.nl\\\/de\\\/personen-und-familienrecht\\\/testament\\\/#breadcrumb\",\"itemListElement\":[{\"@type\":\"ListItem\",\"position\":1,\"name\":\"Home\",\"item\":\"https:\\\/\\\/dejong-notaris.nl\\\/de\\\/\"},{\"@type\":\"ListItem\",\"position\":2,\"name\":\"Personen- und Familienrecht\",\"item\":\"https:\\\/\\\/dejong-notaris.nl\\\/de\\\/personen-und-familienrecht\\\/\"},{\"@type\":\"ListItem\",\"position\":3,\"name\":\"Testament\"}]},{\"@type\":\"WebSite\",\"@id\":\"https:\\\/\\\/dejong-notaris.nl\\\/de\\\/#website\",\"url\":\"https:\\\/\\\/dejong-notaris.nl\\\/de\\\/\",\"name\":\"De Jong Notaris\",\"description\":\"Notari&euml;le praktijk voor personen- en familierecht, ondernemingsrecht en onroerende zaken.\",\"potentialAction\":[{\"@type\":\"SearchAction\",\"target\":{\"@type\":\"EntryPoint\",\"urlTemplate\":\"https:\\\/\\\/dejong-notaris.nl\\\/de\\\/?s={search_term_string}\"},\"query-input\":{\"@type\":\"PropertyValueSpecification\",\"valueRequired\":true,\"valueName\":\"search_term_string\"}}],\"inLanguage\":\"nl-NL\"}]}<\/script>\n<!-- \/ Yoast SEO plugin. -->","yoast_head_json":{"title":"Testament - De Jong Notaris DE","robots":{"index":"index","follow":"follow","max-snippet":"max-snippet:-1","max-image-preview":"max-image-preview:large","max-video-preview":"max-video-preview:-1"},"canonical":"https:\/\/dejong-notaris.nl\/de\/personen-und-familienrecht\/testament\/","og_locale":"nl_NL","og_type":"article","og_title":"Testament - De Jong Notaris DE","og_description":"[vc_row][vc_column][vc_column_text]Wenn Sie sterben, m\u00f6chten Sie, dass f\u00fcr Ihre Hinterbliebenen alles gut geregelt ist. In einem Testament k\u00f6nnen Sie allerhand regeln. Wer Ihre Erben sind oder gerade nicht. Wer Vormund \u00fcber Ihre Kinder wird. Oder wer das Gem\u00e4lde von Rembrandt bekommt. Aber damit k\u00f6nnen Sie auch steuerrechtliche R\u00fcckschl\u00e4ge verh\u00fcten. Lassen Sie sich informieren und vereinbaren Sie&hellip;","og_url":"https:\/\/dejong-notaris.nl\/de\/personen-und-familienrecht\/testament\/","og_site_name":"De Jong Notaris DE","article_modified_time":"2018-11-01T14:47:55+00:00","twitter_card":"summary_large_image","twitter_misc":{"Geschatte leestijd":"1 minuut"},"schema":{"@context":"https:\/\/schema.org","@graph":[{"@type":"WebPage","@id":"https:\/\/dejong-notaris.nl\/de\/personen-und-familienrecht\/testament\/","url":"https:\/\/dejong-notaris.nl\/de\/personen-und-familienrecht\/testament\/","name":"Testament - De Jong Notaris DE","isPartOf":{"@id":"https:\/\/dejong-notaris.nl\/de\/#website"},"datePublished":"2018-06-27T11:39:57+00:00","dateModified":"2018-11-01T14:47:55+00:00","breadcrumb":{"@id":"https:\/\/dejong-notaris.nl\/de\/personen-und-familienrecht\/testament\/#breadcrumb"},"inLanguage":"nl-NL","potentialAction":[{"@type":"ReadAction","target":["https:\/\/dejong-notaris.nl\/de\/personen-und-familienrecht\/testament\/"]}]},{"@type":"BreadcrumbList","@id":"https:\/\/dejong-notaris.nl\/de\/personen-und-familienrecht\/testament\/#breadcrumb","itemListElement":[{"@type":"ListItem","position":1,"name":"Home","item":"https:\/\/dejong-notaris.nl\/de\/"},{"@type":"ListItem","position":2,"name":"Personen- und Familienrecht","item":"https:\/\/dejong-notaris.nl\/de\/personen-und-familienrecht\/"},{"@type":"ListItem","position":3,"name":"Testament"}]},{"@type":"WebSite","@id":"https:\/\/dejong-notaris.nl\/de\/#website","url":"https:\/\/dejong-notaris.nl\/de\/","name":"De Jong Notaris","description":"Notari&euml;le praktijk voor personen- en familierecht, ondernemingsrecht en onroerende zaken.","potentialAction":[{"@type":"SearchAction","target":{"@type":"EntryPoint","urlTemplate":"https:\/\/dejong-notaris.nl\/de\/?s={search_term_string}"},"query-input":{"@type":"PropertyValueSpecification","valueRequired":true,"valueName":"search_term_string"}}],"inLanguage":"nl-NL"}]}},"_links":{"self":[{"href":"https:\/\/dejong-notaris.nl\/de\/wp-json\/wp\/v2\/pages\/1907","targetHints":{"allow":["GET"]}}],"collection":[{"href":"https:\/\/dejong-notaris.nl\/de\/wp-json\/wp\/v2\/pages"}],"about":[{"href":"https:\/\/dejong-notaris.nl\/de\/wp-json\/wp\/v2\/types\/page"}],"author":[{"embeddable":true,"href":"https:\/\/dejong-notaris.nl\/de\/wp-json\/wp\/v2\/users\/1"}],"replies":[{"embeddable":true,"href":"https:\/\/dejong-notaris.nl\/de\/wp-json\/wp\/v2\/comments?post=1907"}],"version-history":[{"count":0,"href":"https:\/\/dejong-notaris.nl\/de\/wp-json\/wp\/v2\/pages\/1907\/revisions"}],"up":[{"embeddable":true,"href":"https:\/\/dejong-notaris.nl\/de\/wp-json\/wp\/v2\/pages\/1889"}],"wp:attachment":[{"href":"https:\/\/dejong-notaris.nl\/de\/wp-json\/wp\/v2\/media?parent=1907"}],"curies":[{"name":"wp","href":"https:\/\/api.w.org\/{rel}","templated":true}]}}