{"id":1916,"date":"2018-06-27T11:42:43","date_gmt":"2018-06-27T11:42:43","guid":{"rendered":"https:\/\/dejong-notaris.nl\/de\/?page_id=1916"},"modified":"2018-11-01T14:49:30","modified_gmt":"2018-11-01T14:49:30","slug":"schenkung","status":"publish","type":"page","link":"https:\/\/dejong-notaris.nl\/de\/personen-und-familienrecht\/schenkung\/","title":{"rendered":"Schenkung"},"content":{"rendered":"<div class=\"wpb-content-wrapper\"><p>[vc_row][vc_column][vc_column_text]Wenn man eine Schenkung bekommt, ist das meistens ein wahres Fest. Aber die Freude kann ordentlich gedr\u00fcckt werden, wenn man im Nachhinein\u00a0 eine geh\u00f6rige Steuerveranlagung vom Finanzamt im Briefkasten findet und Sie Schenkungssteuern bezahlen m\u00fcssen. Vielleicht h\u00e4tte dies verh\u00fctet werden k\u00f6nnen. Wenn Sie vor haben zu schenken oder Sie sind in der gl\u00fccklichen Situation , dass sie etwas geschenkt bekommen, nehmen Sie dann Kontakt mit uns auf. Wir schauen gerne zusammen mit Ihnen und suchen zusammen mit Ihnen nach dem steuerrechtlich bestm\u00f6glichen Ergebnis.[\/vc_column_text][\/vc_column][\/vc_row]<\/p>\n<\/div>","protected":false},"excerpt":{"rendered":"<p>[vc_row][vc_column][vc_column_text]Wenn man eine Schenkung bekommt, ist das meistens ein wahres Fest. Aber die Freude kann ordentlich gedr\u00fcckt werden, wenn man im Nachhinein\u00a0 eine geh\u00f6rige Steuerveranlagung vom Finanzamt im Briefkasten findet und Sie Schenkungssteuern bezahlen m\u00fcssen. Vielleicht h\u00e4tte dies verh\u00fctet werden k\u00f6nnen. Wenn Sie vor haben zu schenken oder Sie sind in der gl\u00fccklichen Situation ,&hellip;<\/p>\n","protected":false},"author":1,"featured_media":0,"parent":1889,"menu_order":0,"comment_status":"closed","ping_status":"closed","template":"","meta":{"footnotes":""},"class_list":["post-1916","page","type-page","status-publish","hentry","description-off"],"yoast_head":"<!-- This site is optimized with the Yoast SEO plugin v27.4 - https:\/\/yoast.com\/product\/yoast-seo-wordpress\/ -->\n<title>Schenkung - De Jong Notaris DE<\/title>\n<meta name=\"robots\" content=\"index, follow, max-snippet:-1, max-image-preview:large, max-video-preview:-1\" \/>\n<link rel=\"canonical\" href=\"https:\/\/dejong-notaris.nl\/de\/personen-und-familienrecht\/schenkung\/\" \/>\n<meta property=\"og:locale\" content=\"nl_NL\" \/>\n<meta property=\"og:type\" content=\"article\" \/>\n<meta property=\"og:title\" content=\"Schenkung - De Jong Notaris DE\" \/>\n<meta property=\"og:description\" content=\"[vc_row][vc_column][vc_column_text]Wenn man eine Schenkung bekommt, ist das meistens ein wahres Fest. Aber die Freude kann ordentlich gedr\u00fcckt werden, wenn man im Nachhinein\u00a0 eine geh\u00f6rige Steuerveranlagung vom Finanzamt im Briefkasten findet und Sie Schenkungssteuern bezahlen m\u00fcssen. Vielleicht h\u00e4tte dies verh\u00fctet werden k\u00f6nnen. Wenn Sie vor haben zu schenken oder Sie sind in der gl\u00fccklichen Situation ,&hellip;\" \/>\n<meta property=\"og:url\" content=\"https:\/\/dejong-notaris.nl\/de\/personen-und-familienrecht\/schenkung\/\" \/>\n<meta property=\"og:site_name\" content=\"De Jong Notaris DE\" \/>\n<meta property=\"article:modified_time\" content=\"2018-11-01T14:49:30+00:00\" \/>\n<meta name=\"twitter:card\" content=\"summary_large_image\" \/>\n<meta name=\"twitter:label1\" content=\"Geschatte leestijd\" \/>\n\t<meta name=\"twitter:data1\" content=\"1 minuut\" \/>\n<script type=\"application\/ld+json\" class=\"yoast-schema-graph\">{\"@context\":\"https:\\\/\\\/schema.org\",\"@graph\":[{\"@type\":\"WebPage\",\"@id\":\"https:\\\/\\\/dejong-notaris.nl\\\/de\\\/personen-und-familienrecht\\\/schenkung\\\/\",\"url\":\"https:\\\/\\\/dejong-notaris.nl\\\/de\\\/personen-und-familienrecht\\\/schenkung\\\/\",\"name\":\"Schenkung - De Jong Notaris DE\",\"isPartOf\":{\"@id\":\"https:\\\/\\\/dejong-notaris.nl\\\/de\\\/#website\"},\"datePublished\":\"2018-06-27T11:42:43+00:00\",\"dateModified\":\"2018-11-01T14:49:30+00:00\",\"breadcrumb\":{\"@id\":\"https:\\\/\\\/dejong-notaris.nl\\\/de\\\/personen-und-familienrecht\\\/schenkung\\\/#breadcrumb\"},\"inLanguage\":\"nl-NL\",\"potentialAction\":[{\"@type\":\"ReadAction\",\"target\":[\"https:\\\/\\\/dejong-notaris.nl\\\/de\\\/personen-und-familienrecht\\\/schenkung\\\/\"]}]},{\"@type\":\"BreadcrumbList\",\"@id\":\"https:\\\/\\\/dejong-notaris.nl\\\/de\\\/personen-und-familienrecht\\\/schenkung\\\/#breadcrumb\",\"itemListElement\":[{\"@type\":\"ListItem\",\"position\":1,\"name\":\"Home\",\"item\":\"https:\\\/\\\/dejong-notaris.nl\\\/de\\\/\"},{\"@type\":\"ListItem\",\"position\":2,\"name\":\"Personen- und Familienrecht\",\"item\":\"https:\\\/\\\/dejong-notaris.nl\\\/de\\\/personen-und-familienrecht\\\/\"},{\"@type\":\"ListItem\",\"position\":3,\"name\":\"Schenkung\"}]},{\"@type\":\"WebSite\",\"@id\":\"https:\\\/\\\/dejong-notaris.nl\\\/de\\\/#website\",\"url\":\"https:\\\/\\\/dejong-notaris.nl\\\/de\\\/\",\"name\":\"De Jong Notaris\",\"description\":\"Notari&euml;le praktijk voor personen- en familierecht, ondernemingsrecht en onroerende zaken.\",\"potentialAction\":[{\"@type\":\"SearchAction\",\"target\":{\"@type\":\"EntryPoint\",\"urlTemplate\":\"https:\\\/\\\/dejong-notaris.nl\\\/de\\\/?s={search_term_string}\"},\"query-input\":{\"@type\":\"PropertyValueSpecification\",\"valueRequired\":true,\"valueName\":\"search_term_string\"}}],\"inLanguage\":\"nl-NL\"}]}<\/script>\n<!-- \/ Yoast SEO plugin. -->","yoast_head_json":{"title":"Schenkung - De Jong Notaris DE","robots":{"index":"index","follow":"follow","max-snippet":"max-snippet:-1","max-image-preview":"max-image-preview:large","max-video-preview":"max-video-preview:-1"},"canonical":"https:\/\/dejong-notaris.nl\/de\/personen-und-familienrecht\/schenkung\/","og_locale":"nl_NL","og_type":"article","og_title":"Schenkung - De Jong Notaris DE","og_description":"[vc_row][vc_column][vc_column_text]Wenn man eine Schenkung bekommt, ist das meistens ein wahres Fest. Aber die Freude kann ordentlich gedr\u00fcckt werden, wenn man im Nachhinein\u00a0 eine geh\u00f6rige Steuerveranlagung vom Finanzamt im Briefkasten findet und Sie Schenkungssteuern bezahlen m\u00fcssen. Vielleicht h\u00e4tte dies verh\u00fctet werden k\u00f6nnen. Wenn Sie vor haben zu schenken oder Sie sind in der gl\u00fccklichen Situation ,&hellip;","og_url":"https:\/\/dejong-notaris.nl\/de\/personen-und-familienrecht\/schenkung\/","og_site_name":"De Jong Notaris DE","article_modified_time":"2018-11-01T14:49:30+00:00","twitter_card":"summary_large_image","twitter_misc":{"Geschatte leestijd":"1 minuut"},"schema":{"@context":"https:\/\/schema.org","@graph":[{"@type":"WebPage","@id":"https:\/\/dejong-notaris.nl\/de\/personen-und-familienrecht\/schenkung\/","url":"https:\/\/dejong-notaris.nl\/de\/personen-und-familienrecht\/schenkung\/","name":"Schenkung - De Jong Notaris DE","isPartOf":{"@id":"https:\/\/dejong-notaris.nl\/de\/#website"},"datePublished":"2018-06-27T11:42:43+00:00","dateModified":"2018-11-01T14:49:30+00:00","breadcrumb":{"@id":"https:\/\/dejong-notaris.nl\/de\/personen-und-familienrecht\/schenkung\/#breadcrumb"},"inLanguage":"nl-NL","potentialAction":[{"@type":"ReadAction","target":["https:\/\/dejong-notaris.nl\/de\/personen-und-familienrecht\/schenkung\/"]}]},{"@type":"BreadcrumbList","@id":"https:\/\/dejong-notaris.nl\/de\/personen-und-familienrecht\/schenkung\/#breadcrumb","itemListElement":[{"@type":"ListItem","position":1,"name":"Home","item":"https:\/\/dejong-notaris.nl\/de\/"},{"@type":"ListItem","position":2,"name":"Personen- und Familienrecht","item":"https:\/\/dejong-notaris.nl\/de\/personen-und-familienrecht\/"},{"@type":"ListItem","position":3,"name":"Schenkung"}]},{"@type":"WebSite","@id":"https:\/\/dejong-notaris.nl\/de\/#website","url":"https:\/\/dejong-notaris.nl\/de\/","name":"De Jong Notaris","description":"Notari&euml;le praktijk voor personen- en familierecht, ondernemingsrecht en onroerende zaken.","potentialAction":[{"@type":"SearchAction","target":{"@type":"EntryPoint","urlTemplate":"https:\/\/dejong-notaris.nl\/de\/?s={search_term_string}"},"query-input":{"@type":"PropertyValueSpecification","valueRequired":true,"valueName":"search_term_string"}}],"inLanguage":"nl-NL"}]}},"_links":{"self":[{"href":"https:\/\/dejong-notaris.nl\/de\/wp-json\/wp\/v2\/pages\/1916","targetHints":{"allow":["GET"]}}],"collection":[{"href":"https:\/\/dejong-notaris.nl\/de\/wp-json\/wp\/v2\/pages"}],"about":[{"href":"https:\/\/dejong-notaris.nl\/de\/wp-json\/wp\/v2\/types\/page"}],"author":[{"embeddable":true,"href":"https:\/\/dejong-notaris.nl\/de\/wp-json\/wp\/v2\/users\/1"}],"replies":[{"embeddable":true,"href":"https:\/\/dejong-notaris.nl\/de\/wp-json\/wp\/v2\/comments?post=1916"}],"version-history":[{"count":0,"href":"https:\/\/dejong-notaris.nl\/de\/wp-json\/wp\/v2\/pages\/1916\/revisions"}],"up":[{"embeddable":true,"href":"https:\/\/dejong-notaris.nl\/de\/wp-json\/wp\/v2\/pages\/1889"}],"wp:attachment":[{"href":"https:\/\/dejong-notaris.nl\/de\/wp-json\/wp\/v2\/media?parent=1916"}],"curies":[{"name":"wp","href":"https:\/\/api.w.org\/{rel}","templated":true}]}}