{"id":1935,"date":"2018-06-27T12:21:10","date_gmt":"2018-06-27T12:21:10","guid":{"rendered":"https:\/\/dejong-notaris.nl\/de\/?page_id=1935"},"modified":"2018-11-01T14:50:57","modified_gmt":"2018-11-01T14:50:57","slug":"unternehmensrecht","status":"publish","type":"page","link":"https:\/\/dejong-notaris.nl\/de\/unternehmensrecht\/","title":{"rendered":"Unternehmensrecht"},"content":{"rendered":"<div class=\"wpb-content-wrapper\"><p>[vc_row][vc_column][vc_column_text]Unternehmensrecht, der Name besagt es schon: Recht gemeint f\u00fcr ein Unternehmen. Ein Unternehmen kann ein Einmannbetrieb sein, aber auch eine Rechtsperson wie eine Gesellschaft mit beschr\u00e4nkter Haftung. Werden Sie mit einer anderen Person\u00a0 zusammenarbeiten, dann kann eine offene Handelsgesellschaft eine M\u00f6glichkeit sein. Alles Rechtsformen, mit denen Sie ein Unternehmen f\u00fchren k\u00f6nnen und alles mit ihren eigenen juristischen und steuerrechtlichen Folgen. Unter dem Unternehmensrecht fallen auch Vereine und Stiftungen, beide Rechtspersonen gegr\u00fcndet mit einem bestimmten (gesellschaftlichen) Ziel. Was ist der Unterschied zwischen einem Verein und einer Stiftung? Wann w\u00e4hlst Sie was? Mit unserer Sachkenntnis tragen wir Sorge daf\u00fcr, dass Sie immer die richtige Rechtsform w\u00e4hlen.[\/vc_column_text][\/vc_column][\/vc_row]<\/p>\n<\/div>","protected":false},"excerpt":{"rendered":"<p>[vc_row][vc_column][vc_column_text]Unternehmensrecht, der Name besagt es schon: Recht gemeint f\u00fcr ein Unternehmen. Ein Unternehmen kann ein Einmannbetrieb sein, aber auch eine Rechtsperson wie eine Gesellschaft mit beschr\u00e4nkter Haftung. Werden Sie mit einer anderen Person\u00a0 zusammenarbeiten, dann kann eine offene Handelsgesellschaft eine M\u00f6glichkeit sein. Alles Rechtsformen, mit denen Sie ein Unternehmen f\u00fchren k\u00f6nnen und alles mit ihren&hellip;<\/p>\n","protected":false},"author":1,"featured_media":0,"parent":0,"menu_order":0,"comment_status":"closed","ping_status":"closed","template":"","meta":{"footnotes":""},"class_list":["post-1935","page","type-page","status-publish","hentry","description-off"],"yoast_head":"<!-- This site is optimized with the Yoast SEO plugin v27.4 - https:\/\/yoast.com\/product\/yoast-seo-wordpress\/ -->\n<title>Unternehmensrecht - De Jong Notaris DE<\/title>\n<meta name=\"robots\" content=\"index, follow, max-snippet:-1, max-image-preview:large, max-video-preview:-1\" \/>\n<link rel=\"canonical\" href=\"https:\/\/dejong-notaris.nl\/de\/unternehmensrecht\/\" \/>\n<meta property=\"og:locale\" content=\"nl_NL\" \/>\n<meta property=\"og:type\" content=\"article\" \/>\n<meta property=\"og:title\" content=\"Unternehmensrecht - De Jong Notaris DE\" \/>\n<meta property=\"og:description\" content=\"[vc_row][vc_column][vc_column_text]Unternehmensrecht, der Name besagt es schon: Recht gemeint f\u00fcr ein Unternehmen. Ein Unternehmen kann ein Einmannbetrieb sein, aber auch eine Rechtsperson wie eine Gesellschaft mit beschr\u00e4nkter Haftung. Werden Sie mit einer anderen Person\u00a0 zusammenarbeiten, dann kann eine offene Handelsgesellschaft eine M\u00f6glichkeit sein. Alles Rechtsformen, mit denen Sie ein Unternehmen f\u00fchren k\u00f6nnen und alles mit ihren&hellip;\" \/>\n<meta property=\"og:url\" content=\"https:\/\/dejong-notaris.nl\/de\/unternehmensrecht\/\" \/>\n<meta property=\"og:site_name\" content=\"De Jong Notaris DE\" \/>\n<meta property=\"article:modified_time\" content=\"2018-11-01T14:50:57+00:00\" \/>\n<meta name=\"twitter:card\" content=\"summary_large_image\" \/>\n<meta name=\"twitter:label1\" content=\"Geschatte leestijd\" \/>\n\t<meta name=\"twitter:data1\" content=\"1 minuut\" \/>\n<script type=\"application\/ld+json\" class=\"yoast-schema-graph\">{\"@context\":\"https:\\\/\\\/schema.org\",\"@graph\":[{\"@type\":\"WebPage\",\"@id\":\"https:\\\/\\\/dejong-notaris.nl\\\/de\\\/unternehmensrecht\\\/\",\"url\":\"https:\\\/\\\/dejong-notaris.nl\\\/de\\\/unternehmensrecht\\\/\",\"name\":\"Unternehmensrecht - De Jong Notaris DE\",\"isPartOf\":{\"@id\":\"https:\\\/\\\/dejong-notaris.nl\\\/de\\\/#website\"},\"datePublished\":\"2018-06-27T12:21:10+00:00\",\"dateModified\":\"2018-11-01T14:50:57+00:00\",\"breadcrumb\":{\"@id\":\"https:\\\/\\\/dejong-notaris.nl\\\/de\\\/unternehmensrecht\\\/#breadcrumb\"},\"inLanguage\":\"nl-NL\",\"potentialAction\":[{\"@type\":\"ReadAction\",\"target\":[\"https:\\\/\\\/dejong-notaris.nl\\\/de\\\/unternehmensrecht\\\/\"]}]},{\"@type\":\"BreadcrumbList\",\"@id\":\"https:\\\/\\\/dejong-notaris.nl\\\/de\\\/unternehmensrecht\\\/#breadcrumb\",\"itemListElement\":[{\"@type\":\"ListItem\",\"position\":1,\"name\":\"Home\",\"item\":\"https:\\\/\\\/dejong-notaris.nl\\\/de\\\/\"},{\"@type\":\"ListItem\",\"position\":2,\"name\":\"Unternehmensrecht\"}]},{\"@type\":\"WebSite\",\"@id\":\"https:\\\/\\\/dejong-notaris.nl\\\/de\\\/#website\",\"url\":\"https:\\\/\\\/dejong-notaris.nl\\\/de\\\/\",\"name\":\"De Jong Notaris\",\"description\":\"Notari&euml;le praktijk voor personen- en familierecht, ondernemingsrecht en onroerende zaken.\",\"potentialAction\":[{\"@type\":\"SearchAction\",\"target\":{\"@type\":\"EntryPoint\",\"urlTemplate\":\"https:\\\/\\\/dejong-notaris.nl\\\/de\\\/?s={search_term_string}\"},\"query-input\":{\"@type\":\"PropertyValueSpecification\",\"valueRequired\":true,\"valueName\":\"search_term_string\"}}],\"inLanguage\":\"nl-NL\"}]}<\/script>\n<!-- \/ Yoast SEO plugin. -->","yoast_head_json":{"title":"Unternehmensrecht - De Jong Notaris DE","robots":{"index":"index","follow":"follow","max-snippet":"max-snippet:-1","max-image-preview":"max-image-preview:large","max-video-preview":"max-video-preview:-1"},"canonical":"https:\/\/dejong-notaris.nl\/de\/unternehmensrecht\/","og_locale":"nl_NL","og_type":"article","og_title":"Unternehmensrecht - De Jong Notaris DE","og_description":"[vc_row][vc_column][vc_column_text]Unternehmensrecht, der Name besagt es schon: Recht gemeint f\u00fcr ein Unternehmen. Ein Unternehmen kann ein Einmannbetrieb sein, aber auch eine Rechtsperson wie eine Gesellschaft mit beschr\u00e4nkter Haftung. Werden Sie mit einer anderen Person\u00a0 zusammenarbeiten, dann kann eine offene Handelsgesellschaft eine M\u00f6glichkeit sein. Alles Rechtsformen, mit denen Sie ein Unternehmen f\u00fchren k\u00f6nnen und alles mit ihren&hellip;","og_url":"https:\/\/dejong-notaris.nl\/de\/unternehmensrecht\/","og_site_name":"De Jong Notaris DE","article_modified_time":"2018-11-01T14:50:57+00:00","twitter_card":"summary_large_image","twitter_misc":{"Geschatte leestijd":"1 minuut"},"schema":{"@context":"https:\/\/schema.org","@graph":[{"@type":"WebPage","@id":"https:\/\/dejong-notaris.nl\/de\/unternehmensrecht\/","url":"https:\/\/dejong-notaris.nl\/de\/unternehmensrecht\/","name":"Unternehmensrecht - De Jong Notaris DE","isPartOf":{"@id":"https:\/\/dejong-notaris.nl\/de\/#website"},"datePublished":"2018-06-27T12:21:10+00:00","dateModified":"2018-11-01T14:50:57+00:00","breadcrumb":{"@id":"https:\/\/dejong-notaris.nl\/de\/unternehmensrecht\/#breadcrumb"},"inLanguage":"nl-NL","potentialAction":[{"@type":"ReadAction","target":["https:\/\/dejong-notaris.nl\/de\/unternehmensrecht\/"]}]},{"@type":"BreadcrumbList","@id":"https:\/\/dejong-notaris.nl\/de\/unternehmensrecht\/#breadcrumb","itemListElement":[{"@type":"ListItem","position":1,"name":"Home","item":"https:\/\/dejong-notaris.nl\/de\/"},{"@type":"ListItem","position":2,"name":"Unternehmensrecht"}]},{"@type":"WebSite","@id":"https:\/\/dejong-notaris.nl\/de\/#website","url":"https:\/\/dejong-notaris.nl\/de\/","name":"De Jong Notaris","description":"Notari&euml;le praktijk voor personen- en familierecht, ondernemingsrecht en onroerende zaken.","potentialAction":[{"@type":"SearchAction","target":{"@type":"EntryPoint","urlTemplate":"https:\/\/dejong-notaris.nl\/de\/?s={search_term_string}"},"query-input":{"@type":"PropertyValueSpecification","valueRequired":true,"valueName":"search_term_string"}}],"inLanguage":"nl-NL"}]}},"_links":{"self":[{"href":"https:\/\/dejong-notaris.nl\/de\/wp-json\/wp\/v2\/pages\/1935","targetHints":{"allow":["GET"]}}],"collection":[{"href":"https:\/\/dejong-notaris.nl\/de\/wp-json\/wp\/v2\/pages"}],"about":[{"href":"https:\/\/dejong-notaris.nl\/de\/wp-json\/wp\/v2\/types\/page"}],"author":[{"embeddable":true,"href":"https:\/\/dejong-notaris.nl\/de\/wp-json\/wp\/v2\/users\/1"}],"replies":[{"embeddable":true,"href":"https:\/\/dejong-notaris.nl\/de\/wp-json\/wp\/v2\/comments?post=1935"}],"version-history":[{"count":0,"href":"https:\/\/dejong-notaris.nl\/de\/wp-json\/wp\/v2\/pages\/1935\/revisions"}],"wp:attachment":[{"href":"https:\/\/dejong-notaris.nl\/de\/wp-json\/wp\/v2\/media?parent=1935"}],"curies":[{"name":"wp","href":"https:\/\/api.w.org\/{rel}","templated":true}]}}