{"id":1949,"date":"2018-06-27T12:39:32","date_gmt":"2018-06-27T12:39:32","guid":{"rendered":"https:\/\/dejong-notaris.nl\/de\/?page_id=1949"},"modified":"2018-11-01T14:52:14","modified_gmt":"2018-11-01T14:52:14","slug":"stiftung-oder-verein","status":"publish","type":"page","link":"https:\/\/dejong-notaris.nl\/de\/unternehmensrecht\/stiftung-oder-verein\/","title":{"rendered":"Stiftung oder Verein"},"content":{"rendered":"<div class=\"wpb-content-wrapper\"><p>[vc_row][vc_column][vc_column_text]Eine Stiftung oder ein Verein wird gegr\u00fcndet zu einem bestimmten Zweck. Man darf einen Gewinn machen, aber dieser Gewinn darf nur benutzt werden f\u00fcr den Zweck, wof\u00fcr die Stiftung oder der Verein gegr\u00fcndet ist. Der Gewinn darf nicht an Gr\u00fcnder, Verwalter oder Mitglieder ausgezahlt werden.<\/p>\n<p>Die Gr\u00fcndung einer Stiftung muss bei notarieller Urkunde. Bei einem Verein ist das nicht notwendig, aber ob die Gr\u00fcndung eines Vereins wohl oder nicht bei notarieller Urkunde geschieht hat ziemlich gro\u00dfe juristischen Konsequenzen. So kann ein Verein ohne notarielle Urkunde kein Erbe sein, kann er kein Eigent\u00fcmer von Immobilien (Haus, Betriebsraum) auf seinen Namen bekommen und sind die Verwalter solidarisch haftbar. Und das Letzte kann wohl mal sehr schief ausgehen f\u00fcr einen Verwalter.<\/p>\n<p>Bei der Gr\u00fcndung einer Stiftung k\u00f6nnen wir daf\u00fcr sorgen, dass die Stiftung die sogenannten ANBI-Normen (Allgemein gemeinn\u00fctzige Stiftung-Normen) erf\u00fcllt, wodurch die Stiftung im Prinzip von Schenkungs- und Einkommenssteuer befreit wird.[\/vc_column_text][\/vc_column][\/vc_row]<\/p>\n<\/div>","protected":false},"excerpt":{"rendered":"<p>[vc_row][vc_column][vc_column_text]Eine Stiftung oder ein Verein wird gegr\u00fcndet zu einem bestimmten Zweck. Man darf einen Gewinn machen, aber dieser Gewinn darf nur benutzt werden f\u00fcr den Zweck, wof\u00fcr die Stiftung oder der Verein gegr\u00fcndet ist. Der Gewinn darf nicht an Gr\u00fcnder, Verwalter oder Mitglieder ausgezahlt werden. Die Gr\u00fcndung einer Stiftung muss bei notarieller Urkunde. Bei einem&hellip;<\/p>\n","protected":false},"author":1,"featured_media":0,"parent":1935,"menu_order":0,"comment_status":"closed","ping_status":"closed","template":"","meta":{"footnotes":""},"class_list":["post-1949","page","type-page","status-publish","hentry","description-off"],"yoast_head":"<!-- This site is optimized with the Yoast SEO plugin v27.4 - https:\/\/yoast.com\/product\/yoast-seo-wordpress\/ -->\n<title>Stiftung oder Verein - De Jong Notaris DE<\/title>\n<meta name=\"robots\" content=\"index, follow, max-snippet:-1, max-image-preview:large, max-video-preview:-1\" \/>\n<link rel=\"canonical\" href=\"https:\/\/dejong-notaris.nl\/de\/unternehmensrecht\/stiftung-oder-verein\/\" \/>\n<meta property=\"og:locale\" content=\"nl_NL\" \/>\n<meta property=\"og:type\" content=\"article\" \/>\n<meta property=\"og:title\" content=\"Stiftung oder Verein - De Jong Notaris DE\" \/>\n<meta property=\"og:description\" content=\"[vc_row][vc_column][vc_column_text]Eine Stiftung oder ein Verein wird gegr\u00fcndet zu einem bestimmten Zweck. Man darf einen Gewinn machen, aber dieser Gewinn darf nur benutzt werden f\u00fcr den Zweck, wof\u00fcr die Stiftung oder der Verein gegr\u00fcndet ist. Der Gewinn darf nicht an Gr\u00fcnder, Verwalter oder Mitglieder ausgezahlt werden. Die Gr\u00fcndung einer Stiftung muss bei notarieller Urkunde. Bei einem&hellip;\" \/>\n<meta property=\"og:url\" content=\"https:\/\/dejong-notaris.nl\/de\/unternehmensrecht\/stiftung-oder-verein\/\" \/>\n<meta property=\"og:site_name\" content=\"De Jong Notaris DE\" \/>\n<meta property=\"article:modified_time\" content=\"2018-11-01T14:52:14+00:00\" \/>\n<meta name=\"twitter:card\" content=\"summary_large_image\" \/>\n<meta name=\"twitter:label1\" content=\"Geschatte leestijd\" \/>\n\t<meta name=\"twitter:data1\" content=\"1 minuut\" \/>\n<script type=\"application\/ld+json\" class=\"yoast-schema-graph\">{\"@context\":\"https:\\\/\\\/schema.org\",\"@graph\":[{\"@type\":\"WebPage\",\"@id\":\"https:\\\/\\\/dejong-notaris.nl\\\/de\\\/unternehmensrecht\\\/stiftung-oder-verein\\\/\",\"url\":\"https:\\\/\\\/dejong-notaris.nl\\\/de\\\/unternehmensrecht\\\/stiftung-oder-verein\\\/\",\"name\":\"Stiftung oder Verein - De Jong Notaris DE\",\"isPartOf\":{\"@id\":\"https:\\\/\\\/dejong-notaris.nl\\\/de\\\/#website\"},\"datePublished\":\"2018-06-27T12:39:32+00:00\",\"dateModified\":\"2018-11-01T14:52:14+00:00\",\"breadcrumb\":{\"@id\":\"https:\\\/\\\/dejong-notaris.nl\\\/de\\\/unternehmensrecht\\\/stiftung-oder-verein\\\/#breadcrumb\"},\"inLanguage\":\"nl-NL\",\"potentialAction\":[{\"@type\":\"ReadAction\",\"target\":[\"https:\\\/\\\/dejong-notaris.nl\\\/de\\\/unternehmensrecht\\\/stiftung-oder-verein\\\/\"]}]},{\"@type\":\"BreadcrumbList\",\"@id\":\"https:\\\/\\\/dejong-notaris.nl\\\/de\\\/unternehmensrecht\\\/stiftung-oder-verein\\\/#breadcrumb\",\"itemListElement\":[{\"@type\":\"ListItem\",\"position\":1,\"name\":\"Home\",\"item\":\"https:\\\/\\\/dejong-notaris.nl\\\/de\\\/\"},{\"@type\":\"ListItem\",\"position\":2,\"name\":\"Unternehmensrecht\",\"item\":\"https:\\\/\\\/dejong-notaris.nl\\\/de\\\/unternehmensrecht\\\/\"},{\"@type\":\"ListItem\",\"position\":3,\"name\":\"Stiftung oder Verein\"}]},{\"@type\":\"WebSite\",\"@id\":\"https:\\\/\\\/dejong-notaris.nl\\\/de\\\/#website\",\"url\":\"https:\\\/\\\/dejong-notaris.nl\\\/de\\\/\",\"name\":\"De Jong Notaris\",\"description\":\"Notari&euml;le praktijk voor personen- en familierecht, ondernemingsrecht en onroerende zaken.\",\"potentialAction\":[{\"@type\":\"SearchAction\",\"target\":{\"@type\":\"EntryPoint\",\"urlTemplate\":\"https:\\\/\\\/dejong-notaris.nl\\\/de\\\/?s={search_term_string}\"},\"query-input\":{\"@type\":\"PropertyValueSpecification\",\"valueRequired\":true,\"valueName\":\"search_term_string\"}}],\"inLanguage\":\"nl-NL\"}]}<\/script>\n<!-- \/ Yoast SEO plugin. -->","yoast_head_json":{"title":"Stiftung oder Verein - De Jong Notaris DE","robots":{"index":"index","follow":"follow","max-snippet":"max-snippet:-1","max-image-preview":"max-image-preview:large","max-video-preview":"max-video-preview:-1"},"canonical":"https:\/\/dejong-notaris.nl\/de\/unternehmensrecht\/stiftung-oder-verein\/","og_locale":"nl_NL","og_type":"article","og_title":"Stiftung oder Verein - De Jong Notaris DE","og_description":"[vc_row][vc_column][vc_column_text]Eine Stiftung oder ein Verein wird gegr\u00fcndet zu einem bestimmten Zweck. Man darf einen Gewinn machen, aber dieser Gewinn darf nur benutzt werden f\u00fcr den Zweck, wof\u00fcr die Stiftung oder der Verein gegr\u00fcndet ist. Der Gewinn darf nicht an Gr\u00fcnder, Verwalter oder Mitglieder ausgezahlt werden. Die Gr\u00fcndung einer Stiftung muss bei notarieller Urkunde. Bei einem&hellip;","og_url":"https:\/\/dejong-notaris.nl\/de\/unternehmensrecht\/stiftung-oder-verein\/","og_site_name":"De Jong Notaris DE","article_modified_time":"2018-11-01T14:52:14+00:00","twitter_card":"summary_large_image","twitter_misc":{"Geschatte leestijd":"1 minuut"},"schema":{"@context":"https:\/\/schema.org","@graph":[{"@type":"WebPage","@id":"https:\/\/dejong-notaris.nl\/de\/unternehmensrecht\/stiftung-oder-verein\/","url":"https:\/\/dejong-notaris.nl\/de\/unternehmensrecht\/stiftung-oder-verein\/","name":"Stiftung oder Verein - De Jong Notaris DE","isPartOf":{"@id":"https:\/\/dejong-notaris.nl\/de\/#website"},"datePublished":"2018-06-27T12:39:32+00:00","dateModified":"2018-11-01T14:52:14+00:00","breadcrumb":{"@id":"https:\/\/dejong-notaris.nl\/de\/unternehmensrecht\/stiftung-oder-verein\/#breadcrumb"},"inLanguage":"nl-NL","potentialAction":[{"@type":"ReadAction","target":["https:\/\/dejong-notaris.nl\/de\/unternehmensrecht\/stiftung-oder-verein\/"]}]},{"@type":"BreadcrumbList","@id":"https:\/\/dejong-notaris.nl\/de\/unternehmensrecht\/stiftung-oder-verein\/#breadcrumb","itemListElement":[{"@type":"ListItem","position":1,"name":"Home","item":"https:\/\/dejong-notaris.nl\/de\/"},{"@type":"ListItem","position":2,"name":"Unternehmensrecht","item":"https:\/\/dejong-notaris.nl\/de\/unternehmensrecht\/"},{"@type":"ListItem","position":3,"name":"Stiftung oder Verein"}]},{"@type":"WebSite","@id":"https:\/\/dejong-notaris.nl\/de\/#website","url":"https:\/\/dejong-notaris.nl\/de\/","name":"De Jong Notaris","description":"Notari&euml;le praktijk voor personen- en familierecht, ondernemingsrecht en onroerende zaken.","potentialAction":[{"@type":"SearchAction","target":{"@type":"EntryPoint","urlTemplate":"https:\/\/dejong-notaris.nl\/de\/?s={search_term_string}"},"query-input":{"@type":"PropertyValueSpecification","valueRequired":true,"valueName":"search_term_string"}}],"inLanguage":"nl-NL"}]}},"_links":{"self":[{"href":"https:\/\/dejong-notaris.nl\/de\/wp-json\/wp\/v2\/pages\/1949","targetHints":{"allow":["GET"]}}],"collection":[{"href":"https:\/\/dejong-notaris.nl\/de\/wp-json\/wp\/v2\/pages"}],"about":[{"href":"https:\/\/dejong-notaris.nl\/de\/wp-json\/wp\/v2\/types\/page"}],"author":[{"embeddable":true,"href":"https:\/\/dejong-notaris.nl\/de\/wp-json\/wp\/v2\/users\/1"}],"replies":[{"embeddable":true,"href":"https:\/\/dejong-notaris.nl\/de\/wp-json\/wp\/v2\/comments?post=1949"}],"version-history":[{"count":0,"href":"https:\/\/dejong-notaris.nl\/de\/wp-json\/wp\/v2\/pages\/1949\/revisions"}],"up":[{"embeddable":true,"href":"https:\/\/dejong-notaris.nl\/de\/wp-json\/wp\/v2\/pages\/1935"}],"wp:attachment":[{"href":"https:\/\/dejong-notaris.nl\/de\/wp-json\/wp\/v2\/media?parent=1949"}],"curies":[{"name":"wp","href":"https:\/\/api.w.org\/{rel}","templated":true}]}}