{"id":1953,"date":"2018-06-27T12:41:07","date_gmt":"2018-06-27T12:41:07","guid":{"rendered":"https:\/\/dejong-notaris.nl\/de\/?page_id=1953"},"modified":"2018-11-01T14:55:32","modified_gmt":"2018-11-01T14:55:32","slug":"ubertragung","status":"publish","type":"page","link":"https:\/\/dejong-notaris.nl\/de\/immobilien\/ubertragung\/","title":{"rendered":"\u00dcbertragung"},"content":{"rendered":"<div class=\"wpb-content-wrapper\"><p>[vc_row][vc_column][vc_column_text]Bei einer \u00dcbertragung wird eine Immobilie in Eigentum \u00fcbertragen. Meistens ist die Rede von einem Verk\u00e4ufer und einem K\u00e4ufer In der \u00dcbertragungsurkunde legt der Notar alle Vereinbarungen fest, die zwischen Parteien im zugrundeliegenden Kaufvertrag gemacht worden sind und k\u00f6nnen m\u00f6gliche Grunddienstbarkeiten oder andere Rechte bestellt werden. Oft brauchen sie als K\u00e4ufer, um den Kaufpreis bezahlen zu k\u00f6nnen, eine Geldanleihe von der Bank. Die Bank m\u00f6chte daf\u00fcr eigentlich immer Ihr gekauftes Haus als Unterpfand. Und dies wird dann Hypothek genannt. Einfach als extra Sicherheit: sollten Sie die Geldanleihe nicht zur\u00fcckbezahlen k\u00f6nnen, dann kann die Bank IhrHaus \u00f6ffentlich verkaufen.[\/vc_column_text][\/vc_column][\/vc_row]<\/p>\n<\/div>","protected":false},"excerpt":{"rendered":"<p>[vc_row][vc_column][vc_column_text]Bei einer \u00dcbertragung wird eine Immobilie in Eigentum \u00fcbertragen. Meistens ist die Rede von einem Verk\u00e4ufer und einem K\u00e4ufer In der \u00dcbertragungsurkunde legt der Notar alle Vereinbarungen fest, die zwischen Parteien im zugrundeliegenden Kaufvertrag gemacht worden sind und k\u00f6nnen m\u00f6gliche Grunddienstbarkeiten oder andere Rechte bestellt werden. Oft brauchen sie als K\u00e4ufer, um den Kaufpreis bezahlen&hellip;<\/p>\n","protected":false},"author":1,"featured_media":0,"parent":1940,"menu_order":0,"comment_status":"closed","ping_status":"closed","template":"","meta":{"footnotes":""},"class_list":["post-1953","page","type-page","status-publish","hentry","description-off"],"yoast_head":"<!-- This site is optimized with the Yoast SEO plugin v27.4 - https:\/\/yoast.com\/product\/yoast-seo-wordpress\/ -->\n<title>\u00dcbertragung - De Jong Notaris DE<\/title>\n<meta name=\"robots\" content=\"index, follow, max-snippet:-1, max-image-preview:large, max-video-preview:-1\" \/>\n<link rel=\"canonical\" href=\"https:\/\/dejong-notaris.nl\/de\/immobilien\/ubertragung\/\" \/>\n<meta property=\"og:locale\" content=\"nl_NL\" \/>\n<meta property=\"og:type\" content=\"article\" \/>\n<meta property=\"og:title\" content=\"\u00dcbertragung - De Jong Notaris DE\" \/>\n<meta property=\"og:description\" content=\"[vc_row][vc_column][vc_column_text]Bei einer \u00dcbertragung wird eine Immobilie in Eigentum \u00fcbertragen. Meistens ist die Rede von einem Verk\u00e4ufer und einem K\u00e4ufer In der \u00dcbertragungsurkunde legt der Notar alle Vereinbarungen fest, die zwischen Parteien im zugrundeliegenden Kaufvertrag gemacht worden sind und k\u00f6nnen m\u00f6gliche Grunddienstbarkeiten oder andere Rechte bestellt werden. Oft brauchen sie als K\u00e4ufer, um den Kaufpreis bezahlen&hellip;\" \/>\n<meta property=\"og:url\" content=\"https:\/\/dejong-notaris.nl\/de\/immobilien\/ubertragung\/\" \/>\n<meta property=\"og:site_name\" content=\"De Jong Notaris DE\" \/>\n<meta property=\"article:modified_time\" content=\"2018-11-01T14:55:32+00:00\" \/>\n<meta name=\"twitter:card\" content=\"summary_large_image\" \/>\n<meta name=\"twitter:label1\" content=\"Geschatte leestijd\" \/>\n\t<meta name=\"twitter:data1\" content=\"1 minuut\" \/>\n<script type=\"application\/ld+json\" class=\"yoast-schema-graph\">{\"@context\":\"https:\\\/\\\/schema.org\",\"@graph\":[{\"@type\":\"WebPage\",\"@id\":\"https:\\\/\\\/dejong-notaris.nl\\\/de\\\/immobilien\\\/ubertragung\\\/\",\"url\":\"https:\\\/\\\/dejong-notaris.nl\\\/de\\\/immobilien\\\/ubertragung\\\/\",\"name\":\"\u00dcbertragung - De Jong Notaris DE\",\"isPartOf\":{\"@id\":\"https:\\\/\\\/dejong-notaris.nl\\\/de\\\/#website\"},\"datePublished\":\"2018-06-27T12:41:07+00:00\",\"dateModified\":\"2018-11-01T14:55:32+00:00\",\"breadcrumb\":{\"@id\":\"https:\\\/\\\/dejong-notaris.nl\\\/de\\\/immobilien\\\/ubertragung\\\/#breadcrumb\"},\"inLanguage\":\"nl-NL\",\"potentialAction\":[{\"@type\":\"ReadAction\",\"target\":[\"https:\\\/\\\/dejong-notaris.nl\\\/de\\\/immobilien\\\/ubertragung\\\/\"]}]},{\"@type\":\"BreadcrumbList\",\"@id\":\"https:\\\/\\\/dejong-notaris.nl\\\/de\\\/immobilien\\\/ubertragung\\\/#breadcrumb\",\"itemListElement\":[{\"@type\":\"ListItem\",\"position\":1,\"name\":\"Home\",\"item\":\"https:\\\/\\\/dejong-notaris.nl\\\/de\\\/\"},{\"@type\":\"ListItem\",\"position\":2,\"name\":\"Immobilien\",\"item\":\"https:\\\/\\\/dejong-notaris.nl\\\/de\\\/immobilien\\\/\"},{\"@type\":\"ListItem\",\"position\":3,\"name\":\"\u00dcbertragung\"}]},{\"@type\":\"WebSite\",\"@id\":\"https:\\\/\\\/dejong-notaris.nl\\\/de\\\/#website\",\"url\":\"https:\\\/\\\/dejong-notaris.nl\\\/de\\\/\",\"name\":\"De Jong Notaris\",\"description\":\"Notari&euml;le praktijk voor personen- en familierecht, ondernemingsrecht en onroerende zaken.\",\"potentialAction\":[{\"@type\":\"SearchAction\",\"target\":{\"@type\":\"EntryPoint\",\"urlTemplate\":\"https:\\\/\\\/dejong-notaris.nl\\\/de\\\/?s={search_term_string}\"},\"query-input\":{\"@type\":\"PropertyValueSpecification\",\"valueRequired\":true,\"valueName\":\"search_term_string\"}}],\"inLanguage\":\"nl-NL\"}]}<\/script>\n<!-- \/ Yoast SEO plugin. -->","yoast_head_json":{"title":"\u00dcbertragung - De Jong Notaris DE","robots":{"index":"index","follow":"follow","max-snippet":"max-snippet:-1","max-image-preview":"max-image-preview:large","max-video-preview":"max-video-preview:-1"},"canonical":"https:\/\/dejong-notaris.nl\/de\/immobilien\/ubertragung\/","og_locale":"nl_NL","og_type":"article","og_title":"\u00dcbertragung - De Jong Notaris DE","og_description":"[vc_row][vc_column][vc_column_text]Bei einer \u00dcbertragung wird eine Immobilie in Eigentum \u00fcbertragen. Meistens ist die Rede von einem Verk\u00e4ufer und einem K\u00e4ufer In der \u00dcbertragungsurkunde legt der Notar alle Vereinbarungen fest, die zwischen Parteien im zugrundeliegenden Kaufvertrag gemacht worden sind und k\u00f6nnen m\u00f6gliche Grunddienstbarkeiten oder andere Rechte bestellt werden. Oft brauchen sie als K\u00e4ufer, um den Kaufpreis bezahlen&hellip;","og_url":"https:\/\/dejong-notaris.nl\/de\/immobilien\/ubertragung\/","og_site_name":"De Jong Notaris DE","article_modified_time":"2018-11-01T14:55:32+00:00","twitter_card":"summary_large_image","twitter_misc":{"Geschatte leestijd":"1 minuut"},"schema":{"@context":"https:\/\/schema.org","@graph":[{"@type":"WebPage","@id":"https:\/\/dejong-notaris.nl\/de\/immobilien\/ubertragung\/","url":"https:\/\/dejong-notaris.nl\/de\/immobilien\/ubertragung\/","name":"\u00dcbertragung - De Jong Notaris DE","isPartOf":{"@id":"https:\/\/dejong-notaris.nl\/de\/#website"},"datePublished":"2018-06-27T12:41:07+00:00","dateModified":"2018-11-01T14:55:32+00:00","breadcrumb":{"@id":"https:\/\/dejong-notaris.nl\/de\/immobilien\/ubertragung\/#breadcrumb"},"inLanguage":"nl-NL","potentialAction":[{"@type":"ReadAction","target":["https:\/\/dejong-notaris.nl\/de\/immobilien\/ubertragung\/"]}]},{"@type":"BreadcrumbList","@id":"https:\/\/dejong-notaris.nl\/de\/immobilien\/ubertragung\/#breadcrumb","itemListElement":[{"@type":"ListItem","position":1,"name":"Home","item":"https:\/\/dejong-notaris.nl\/de\/"},{"@type":"ListItem","position":2,"name":"Immobilien","item":"https:\/\/dejong-notaris.nl\/de\/immobilien\/"},{"@type":"ListItem","position":3,"name":"\u00dcbertragung"}]},{"@type":"WebSite","@id":"https:\/\/dejong-notaris.nl\/de\/#website","url":"https:\/\/dejong-notaris.nl\/de\/","name":"De Jong Notaris","description":"Notari&euml;le praktijk voor personen- en familierecht, ondernemingsrecht en onroerende zaken.","potentialAction":[{"@type":"SearchAction","target":{"@type":"EntryPoint","urlTemplate":"https:\/\/dejong-notaris.nl\/de\/?s={search_term_string}"},"query-input":{"@type":"PropertyValueSpecification","valueRequired":true,"valueName":"search_term_string"}}],"inLanguage":"nl-NL"}]}},"_links":{"self":[{"href":"https:\/\/dejong-notaris.nl\/de\/wp-json\/wp\/v2\/pages\/1953","targetHints":{"allow":["GET"]}}],"collection":[{"href":"https:\/\/dejong-notaris.nl\/de\/wp-json\/wp\/v2\/pages"}],"about":[{"href":"https:\/\/dejong-notaris.nl\/de\/wp-json\/wp\/v2\/types\/page"}],"author":[{"embeddable":true,"href":"https:\/\/dejong-notaris.nl\/de\/wp-json\/wp\/v2\/users\/1"}],"replies":[{"embeddable":true,"href":"https:\/\/dejong-notaris.nl\/de\/wp-json\/wp\/v2\/comments?post=1953"}],"version-history":[{"count":0,"href":"https:\/\/dejong-notaris.nl\/de\/wp-json\/wp\/v2\/pages\/1953\/revisions"}],"up":[{"embeddable":true,"href":"https:\/\/dejong-notaris.nl\/de\/wp-json\/wp\/v2\/pages\/1940"}],"wp:attachment":[{"href":"https:\/\/dejong-notaris.nl\/de\/wp-json\/wp\/v2\/media?parent=1953"}],"curies":[{"name":"wp","href":"https:\/\/api.w.org\/{rel}","templated":true}]}}