{"id":1957,"date":"2018-06-27T12:43:37","date_gmt":"2018-06-27T12:43:37","guid":{"rendered":"https:\/\/dejong-notaris.nl\/de\/?page_id=1957"},"modified":"2018-11-01T14:42:41","modified_gmt":"2018-11-01T14:42:41","slug":"ferienwohnung","status":"publish","type":"page","link":"https:\/\/dejong-notaris.nl\/de\/spezialgebiete\/ferienwohnung\/","title":{"rendered":"Ferienwohnung"},"content":{"rendered":"<div class=\"wpb-content-wrapper\"><p>[vc_row][vc_column][vc_column_text]Jede Notarkanzlei kann eine Wohnung \u00fcbertragen. So schwierig ist das nicht. Aber eine Ferienwohnung ist ein Spezialfach. Dazu geh\u00f6rt eine Menge mehr als allein \u00fcbertragen. Oft sind besondere Bedingungen anwendbar, gibt es eine Parkordnung oder m\u00fcssen besondere Kosten verrechnet werden. Wir verf\u00fcgen \u00fcber die n\u00f6tige Erfahrung im \u00dcbertragen von diesen Wohnungen und die Parke in der Umgebung sind uns gut bekannt. Wir wissen worauf wir achten oder wonach wir fragen m\u00fcssen. Dabei reden wir auch noch mal ein gutes Deutsch: Selbstverst\u00e4ndlich keine Voraussetzung um die \u00dcbertragung gut zu regeln, aber besonders bequem ist es. Wir stehen nicht nur Deutsche zurate bei An- und Verkauf von Wohnungen, sondern auch Niederl\u00e4nder bei ihrem An- und Verkauf in Deutschland oder \u00d6sterreich.[\/vc_column_text][\/vc_column][\/vc_row]<\/p>\n<\/div>","protected":false},"excerpt":{"rendered":"<p>[vc_row][vc_column][vc_column_text]Jede Notarkanzlei kann eine Wohnung \u00fcbertragen. So schwierig ist das nicht. Aber eine Ferienwohnung ist ein Spezialfach. Dazu geh\u00f6rt eine Menge mehr als allein \u00fcbertragen. Oft sind besondere Bedingungen anwendbar, gibt es eine Parkordnung oder m\u00fcssen besondere Kosten verrechnet werden. Wir verf\u00fcgen \u00fcber die n\u00f6tige Erfahrung im \u00dcbertragen von diesen Wohnungen und die Parke in&hellip;<\/p>\n","protected":false},"author":1,"featured_media":0,"parent":2012,"menu_order":0,"comment_status":"closed","ping_status":"closed","template":"","meta":{"footnotes":""},"class_list":["post-1957","page","type-page","status-publish","hentry","description-off"],"yoast_head":"<!-- This site is optimized with the Yoast SEO plugin v27.4 - https:\/\/yoast.com\/product\/yoast-seo-wordpress\/ -->\n<title>Ferienwohnung - De Jong Notaris DE<\/title>\n<meta name=\"robots\" content=\"index, follow, max-snippet:-1, max-image-preview:large, max-video-preview:-1\" \/>\n<link rel=\"canonical\" href=\"https:\/\/dejong-notaris.nl\/de\/spezialgebiete\/ferienwohnung\/\" \/>\n<meta property=\"og:locale\" content=\"nl_NL\" \/>\n<meta property=\"og:type\" content=\"article\" \/>\n<meta property=\"og:title\" content=\"Ferienwohnung - De Jong Notaris DE\" \/>\n<meta property=\"og:description\" content=\"[vc_row][vc_column][vc_column_text]Jede Notarkanzlei kann eine Wohnung \u00fcbertragen. So schwierig ist das nicht. Aber eine Ferienwohnung ist ein Spezialfach. Dazu geh\u00f6rt eine Menge mehr als allein \u00fcbertragen. Oft sind besondere Bedingungen anwendbar, gibt es eine Parkordnung oder m\u00fcssen besondere Kosten verrechnet werden. Wir verf\u00fcgen \u00fcber die n\u00f6tige Erfahrung im \u00dcbertragen von diesen Wohnungen und die Parke in&hellip;\" \/>\n<meta property=\"og:url\" content=\"https:\/\/dejong-notaris.nl\/de\/spezialgebiete\/ferienwohnung\/\" \/>\n<meta property=\"og:site_name\" content=\"De Jong Notaris DE\" \/>\n<meta property=\"article:modified_time\" content=\"2018-11-01T14:42:41+00:00\" \/>\n<meta name=\"twitter:card\" content=\"summary_large_image\" \/>\n<meta name=\"twitter:label1\" content=\"Geschatte leestijd\" \/>\n\t<meta name=\"twitter:data1\" content=\"1 minuut\" \/>\n<script type=\"application\/ld+json\" class=\"yoast-schema-graph\">{\"@context\":\"https:\\\/\\\/schema.org\",\"@graph\":[{\"@type\":\"WebPage\",\"@id\":\"https:\\\/\\\/dejong-notaris.nl\\\/de\\\/spezialgebiete\\\/ferienwohnung\\\/\",\"url\":\"https:\\\/\\\/dejong-notaris.nl\\\/de\\\/spezialgebiete\\\/ferienwohnung\\\/\",\"name\":\"Ferienwohnung - De Jong Notaris DE\",\"isPartOf\":{\"@id\":\"https:\\\/\\\/dejong-notaris.nl\\\/de\\\/#website\"},\"datePublished\":\"2018-06-27T12:43:37+00:00\",\"dateModified\":\"2018-11-01T14:42:41+00:00\",\"breadcrumb\":{\"@id\":\"https:\\\/\\\/dejong-notaris.nl\\\/de\\\/spezialgebiete\\\/ferienwohnung\\\/#breadcrumb\"},\"inLanguage\":\"nl-NL\",\"potentialAction\":[{\"@type\":\"ReadAction\",\"target\":[\"https:\\\/\\\/dejong-notaris.nl\\\/de\\\/spezialgebiete\\\/ferienwohnung\\\/\"]}]},{\"@type\":\"BreadcrumbList\",\"@id\":\"https:\\\/\\\/dejong-notaris.nl\\\/de\\\/spezialgebiete\\\/ferienwohnung\\\/#breadcrumb\",\"itemListElement\":[{\"@type\":\"ListItem\",\"position\":1,\"name\":\"Home\",\"item\":\"https:\\\/\\\/dejong-notaris.nl\\\/de\\\/\"},{\"@type\":\"ListItem\",\"position\":2,\"name\":\"Spezialgebiete\",\"item\":\"https:\\\/\\\/dejong-notaris.nl\\\/de\\\/spezialgebiete\\\/\"},{\"@type\":\"ListItem\",\"position\":3,\"name\":\"Ferienwohnung\"}]},{\"@type\":\"WebSite\",\"@id\":\"https:\\\/\\\/dejong-notaris.nl\\\/de\\\/#website\",\"url\":\"https:\\\/\\\/dejong-notaris.nl\\\/de\\\/\",\"name\":\"De Jong Notaris\",\"description\":\"Notari&euml;le praktijk voor personen- en familierecht, ondernemingsrecht en onroerende zaken.\",\"potentialAction\":[{\"@type\":\"SearchAction\",\"target\":{\"@type\":\"EntryPoint\",\"urlTemplate\":\"https:\\\/\\\/dejong-notaris.nl\\\/de\\\/?s={search_term_string}\"},\"query-input\":{\"@type\":\"PropertyValueSpecification\",\"valueRequired\":true,\"valueName\":\"search_term_string\"}}],\"inLanguage\":\"nl-NL\"}]}<\/script>\n<!-- \/ Yoast SEO plugin. -->","yoast_head_json":{"title":"Ferienwohnung - De Jong Notaris DE","robots":{"index":"index","follow":"follow","max-snippet":"max-snippet:-1","max-image-preview":"max-image-preview:large","max-video-preview":"max-video-preview:-1"},"canonical":"https:\/\/dejong-notaris.nl\/de\/spezialgebiete\/ferienwohnung\/","og_locale":"nl_NL","og_type":"article","og_title":"Ferienwohnung - De Jong Notaris DE","og_description":"[vc_row][vc_column][vc_column_text]Jede Notarkanzlei kann eine Wohnung \u00fcbertragen. So schwierig ist das nicht. Aber eine Ferienwohnung ist ein Spezialfach. Dazu geh\u00f6rt eine Menge mehr als allein \u00fcbertragen. Oft sind besondere Bedingungen anwendbar, gibt es eine Parkordnung oder m\u00fcssen besondere Kosten verrechnet werden. Wir verf\u00fcgen \u00fcber die n\u00f6tige Erfahrung im \u00dcbertragen von diesen Wohnungen und die Parke in&hellip;","og_url":"https:\/\/dejong-notaris.nl\/de\/spezialgebiete\/ferienwohnung\/","og_site_name":"De Jong Notaris DE","article_modified_time":"2018-11-01T14:42:41+00:00","twitter_card":"summary_large_image","twitter_misc":{"Geschatte leestijd":"1 minuut"},"schema":{"@context":"https:\/\/schema.org","@graph":[{"@type":"WebPage","@id":"https:\/\/dejong-notaris.nl\/de\/spezialgebiete\/ferienwohnung\/","url":"https:\/\/dejong-notaris.nl\/de\/spezialgebiete\/ferienwohnung\/","name":"Ferienwohnung - De Jong Notaris DE","isPartOf":{"@id":"https:\/\/dejong-notaris.nl\/de\/#website"},"datePublished":"2018-06-27T12:43:37+00:00","dateModified":"2018-11-01T14:42:41+00:00","breadcrumb":{"@id":"https:\/\/dejong-notaris.nl\/de\/spezialgebiete\/ferienwohnung\/#breadcrumb"},"inLanguage":"nl-NL","potentialAction":[{"@type":"ReadAction","target":["https:\/\/dejong-notaris.nl\/de\/spezialgebiete\/ferienwohnung\/"]}]},{"@type":"BreadcrumbList","@id":"https:\/\/dejong-notaris.nl\/de\/spezialgebiete\/ferienwohnung\/#breadcrumb","itemListElement":[{"@type":"ListItem","position":1,"name":"Home","item":"https:\/\/dejong-notaris.nl\/de\/"},{"@type":"ListItem","position":2,"name":"Spezialgebiete","item":"https:\/\/dejong-notaris.nl\/de\/spezialgebiete\/"},{"@type":"ListItem","position":3,"name":"Ferienwohnung"}]},{"@type":"WebSite","@id":"https:\/\/dejong-notaris.nl\/de\/#website","url":"https:\/\/dejong-notaris.nl\/de\/","name":"De Jong Notaris","description":"Notari&euml;le praktijk voor personen- en familierecht, ondernemingsrecht en onroerende zaken.","potentialAction":[{"@type":"SearchAction","target":{"@type":"EntryPoint","urlTemplate":"https:\/\/dejong-notaris.nl\/de\/?s={search_term_string}"},"query-input":{"@type":"PropertyValueSpecification","valueRequired":true,"valueName":"search_term_string"}}],"inLanguage":"nl-NL"}]}},"_links":{"self":[{"href":"https:\/\/dejong-notaris.nl\/de\/wp-json\/wp\/v2\/pages\/1957","targetHints":{"allow":["GET"]}}],"collection":[{"href":"https:\/\/dejong-notaris.nl\/de\/wp-json\/wp\/v2\/pages"}],"about":[{"href":"https:\/\/dejong-notaris.nl\/de\/wp-json\/wp\/v2\/types\/page"}],"author":[{"embeddable":true,"href":"https:\/\/dejong-notaris.nl\/de\/wp-json\/wp\/v2\/users\/1"}],"replies":[{"embeddable":true,"href":"https:\/\/dejong-notaris.nl\/de\/wp-json\/wp\/v2\/comments?post=1957"}],"version-history":[{"count":0,"href":"https:\/\/dejong-notaris.nl\/de\/wp-json\/wp\/v2\/pages\/1957\/revisions"}],"up":[{"embeddable":true,"href":"https:\/\/dejong-notaris.nl\/de\/wp-json\/wp\/v2\/pages\/2012"}],"wp:attachment":[{"href":"https:\/\/dejong-notaris.nl\/de\/wp-json\/wp\/v2\/media?parent=1957"}],"curies":[{"name":"wp","href":"https:\/\/api.w.org\/{rel}","templated":true}]}}