{"id":1960,"date":"2018-06-27T12:44:34","date_gmt":"2018-06-27T12:44:34","guid":{"rendered":"https:\/\/dejong-notaris.nl\/de\/?page_id=1960"},"modified":"2018-11-09T15:41:50","modified_gmt":"2018-11-09T15:41:50","slug":"mwst-oder-grunderwerbssteuer","status":"publish","type":"page","link":"https:\/\/dejong-notaris.nl\/de\/immobilien\/mwst-oder-grunderwerbssteuer\/","title":{"rendered":"MwSt. oder Grunderwerbssteuer"},"content":{"rendered":"<div class=\"wpb-content-wrapper\"><p>[vc_row][vc_column][vc_column_text]Wenn Sie eine Immobilie kaufen, m\u00fcssen Sie Grunderwerbssteuer bezahlen. \u00dcber mindestens den Kaufpreis, aber, wenn diese h\u00f6her ist, \u00fcber den Wert der Immobilie. Kaufen Sie eine Wohnung, dann ist der Prozentsatz 2%, bei einer Nicht-Wohnung ist das 6%.\u00a0 Amer manchmal ist es nicht v\u00f6llig klar ob etwas wohl oder keine Wohnung ist. Zum Beispiel wenn ein ehemaliges B\u00fcrogeb\u00e4ude zur Wohnung umgebaut wurde. Oder gerade umgekehrt. Wir k\u00f6nnen Ihnen dabei helfen und untersuchen es f\u00fcr Sie. Damit Sie keine b\u00f6se \u00dcberraschung erleben.<\/p>\n<p>In besonderen F\u00e4llen zahlen Sie als K\u00e4ufer keine Grunderwerbssteuer aber Umsatzsteuer \u00fcber den Kaufpreis. Manchmal m\u00fcssen Sie beide bezahlen, dann gibt es ein Zusammentreffen. Unsere Kanzlei hat hiermit im Laufe der Zeit viel Erfahrung gemacht und kann Sie gut beraten.[\/vc_column_text][\/vc_column][\/vc_row]<\/p>\n<\/div>","protected":false},"excerpt":{"rendered":"<p>[vc_row][vc_column][vc_column_text]Wenn Sie eine Immobilie kaufen, m\u00fcssen Sie Grunderwerbssteuer bezahlen. \u00dcber mindestens den Kaufpreis, aber, wenn diese h\u00f6her ist, \u00fcber den Wert der Immobilie. Kaufen Sie eine Wohnung, dann ist der Prozentsatz 2%, bei einer Nicht-Wohnung ist das 6%.\u00a0 Amer manchmal ist es nicht v\u00f6llig klar ob etwas wohl oder keine Wohnung ist. Zum Beispiel wenn&hellip;<\/p>\n","protected":false},"author":1,"featured_media":0,"parent":1940,"menu_order":0,"comment_status":"closed","ping_status":"closed","template":"","meta":{"footnotes":""},"class_list":["post-1960","page","type-page","status-publish","hentry","description-off"],"yoast_head":"<!-- This site is optimized with the Yoast SEO plugin v27.5 - https:\/\/yoast.com\/product\/yoast-seo-wordpress\/ -->\n<title>MwSt. oder Grunderwerbssteuer - De Jong Notaris DE<\/title>\n<meta name=\"robots\" content=\"index, follow, max-snippet:-1, max-image-preview:large, max-video-preview:-1\" \/>\n<link rel=\"canonical\" href=\"https:\/\/dejong-notaris.nl\/de\/immobilien\/mwst-oder-grunderwerbssteuer\/\" \/>\n<meta property=\"og:locale\" content=\"nl_NL\" \/>\n<meta property=\"og:type\" content=\"article\" \/>\n<meta property=\"og:title\" content=\"MwSt. oder Grunderwerbssteuer - De Jong Notaris DE\" \/>\n<meta property=\"og:description\" content=\"[vc_row][vc_column][vc_column_text]Wenn Sie eine Immobilie kaufen, m\u00fcssen Sie Grunderwerbssteuer bezahlen. \u00dcber mindestens den Kaufpreis, aber, wenn diese h\u00f6her ist, \u00fcber den Wert der Immobilie. Kaufen Sie eine Wohnung, dann ist der Prozentsatz 2%, bei einer Nicht-Wohnung ist das 6%.\u00a0 Amer manchmal ist es nicht v\u00f6llig klar ob etwas wohl oder keine Wohnung ist. Zum Beispiel wenn&hellip;\" \/>\n<meta property=\"og:url\" content=\"https:\/\/dejong-notaris.nl\/de\/immobilien\/mwst-oder-grunderwerbssteuer\/\" \/>\n<meta property=\"og:site_name\" content=\"De Jong Notaris DE\" \/>\n<meta property=\"article:modified_time\" content=\"2018-11-09T15:41:50+00:00\" \/>\n<meta name=\"twitter:card\" content=\"summary_large_image\" \/>\n<meta name=\"twitter:label1\" content=\"Geschatte leestijd\" \/>\n\t<meta name=\"twitter:data1\" content=\"1 minuut\" \/>\n<script type=\"application\/ld+json\" class=\"yoast-schema-graph\">{\"@context\":\"https:\\\/\\\/schema.org\",\"@graph\":[{\"@type\":\"WebPage\",\"@id\":\"https:\\\/\\\/dejong-notaris.nl\\\/de\\\/immobilien\\\/mwst-oder-grunderwerbssteuer\\\/\",\"url\":\"https:\\\/\\\/dejong-notaris.nl\\\/de\\\/immobilien\\\/mwst-oder-grunderwerbssteuer\\\/\",\"name\":\"MwSt. oder Grunderwerbssteuer - De Jong Notaris DE\",\"isPartOf\":{\"@id\":\"https:\\\/\\\/dejong-notaris.nl\\\/de\\\/#website\"},\"datePublished\":\"2018-06-27T12:44:34+00:00\",\"dateModified\":\"2018-11-09T15:41:50+00:00\",\"breadcrumb\":{\"@id\":\"https:\\\/\\\/dejong-notaris.nl\\\/de\\\/immobilien\\\/mwst-oder-grunderwerbssteuer\\\/#breadcrumb\"},\"inLanguage\":\"nl-NL\",\"potentialAction\":[{\"@type\":\"ReadAction\",\"target\":[\"https:\\\/\\\/dejong-notaris.nl\\\/de\\\/immobilien\\\/mwst-oder-grunderwerbssteuer\\\/\"]}]},{\"@type\":\"BreadcrumbList\",\"@id\":\"https:\\\/\\\/dejong-notaris.nl\\\/de\\\/immobilien\\\/mwst-oder-grunderwerbssteuer\\\/#breadcrumb\",\"itemListElement\":[{\"@type\":\"ListItem\",\"position\":1,\"name\":\"Home\",\"item\":\"https:\\\/\\\/dejong-notaris.nl\\\/de\\\/\"},{\"@type\":\"ListItem\",\"position\":2,\"name\":\"Immobilien\",\"item\":\"https:\\\/\\\/dejong-notaris.nl\\\/de\\\/immobilien\\\/\"},{\"@type\":\"ListItem\",\"position\":3,\"name\":\"MwSt. oder Grunderwerbssteuer\"}]},{\"@type\":\"WebSite\",\"@id\":\"https:\\\/\\\/dejong-notaris.nl\\\/de\\\/#website\",\"url\":\"https:\\\/\\\/dejong-notaris.nl\\\/de\\\/\",\"name\":\"De Jong Notaris\",\"description\":\"Notari&euml;le praktijk voor personen- en familierecht, ondernemingsrecht en onroerende zaken.\",\"potentialAction\":[{\"@type\":\"SearchAction\",\"target\":{\"@type\":\"EntryPoint\",\"urlTemplate\":\"https:\\\/\\\/dejong-notaris.nl\\\/de\\\/?s={search_term_string}\"},\"query-input\":{\"@type\":\"PropertyValueSpecification\",\"valueRequired\":true,\"valueName\":\"search_term_string\"}}],\"inLanguage\":\"nl-NL\"}]}<\/script>\n<!-- \/ Yoast SEO plugin. -->","yoast_head_json":{"title":"MwSt. oder Grunderwerbssteuer - De Jong Notaris DE","robots":{"index":"index","follow":"follow","max-snippet":"max-snippet:-1","max-image-preview":"max-image-preview:large","max-video-preview":"max-video-preview:-1"},"canonical":"https:\/\/dejong-notaris.nl\/de\/immobilien\/mwst-oder-grunderwerbssteuer\/","og_locale":"nl_NL","og_type":"article","og_title":"MwSt. oder Grunderwerbssteuer - De Jong Notaris DE","og_description":"[vc_row][vc_column][vc_column_text]Wenn Sie eine Immobilie kaufen, m\u00fcssen Sie Grunderwerbssteuer bezahlen. \u00dcber mindestens den Kaufpreis, aber, wenn diese h\u00f6her ist, \u00fcber den Wert der Immobilie. Kaufen Sie eine Wohnung, dann ist der Prozentsatz 2%, bei einer Nicht-Wohnung ist das 6%.\u00a0 Amer manchmal ist es nicht v\u00f6llig klar ob etwas wohl oder keine Wohnung ist. Zum Beispiel wenn&hellip;","og_url":"https:\/\/dejong-notaris.nl\/de\/immobilien\/mwst-oder-grunderwerbssteuer\/","og_site_name":"De Jong Notaris DE","article_modified_time":"2018-11-09T15:41:50+00:00","twitter_card":"summary_large_image","twitter_misc":{"Geschatte leestijd":"1 minuut"},"schema":{"@context":"https:\/\/schema.org","@graph":[{"@type":"WebPage","@id":"https:\/\/dejong-notaris.nl\/de\/immobilien\/mwst-oder-grunderwerbssteuer\/","url":"https:\/\/dejong-notaris.nl\/de\/immobilien\/mwst-oder-grunderwerbssteuer\/","name":"MwSt. oder Grunderwerbssteuer - De Jong Notaris DE","isPartOf":{"@id":"https:\/\/dejong-notaris.nl\/de\/#website"},"datePublished":"2018-06-27T12:44:34+00:00","dateModified":"2018-11-09T15:41:50+00:00","breadcrumb":{"@id":"https:\/\/dejong-notaris.nl\/de\/immobilien\/mwst-oder-grunderwerbssteuer\/#breadcrumb"},"inLanguage":"nl-NL","potentialAction":[{"@type":"ReadAction","target":["https:\/\/dejong-notaris.nl\/de\/immobilien\/mwst-oder-grunderwerbssteuer\/"]}]},{"@type":"BreadcrumbList","@id":"https:\/\/dejong-notaris.nl\/de\/immobilien\/mwst-oder-grunderwerbssteuer\/#breadcrumb","itemListElement":[{"@type":"ListItem","position":1,"name":"Home","item":"https:\/\/dejong-notaris.nl\/de\/"},{"@type":"ListItem","position":2,"name":"Immobilien","item":"https:\/\/dejong-notaris.nl\/de\/immobilien\/"},{"@type":"ListItem","position":3,"name":"MwSt. oder Grunderwerbssteuer"}]},{"@type":"WebSite","@id":"https:\/\/dejong-notaris.nl\/de\/#website","url":"https:\/\/dejong-notaris.nl\/de\/","name":"De Jong Notaris","description":"Notari&euml;le praktijk voor personen- en familierecht, ondernemingsrecht en onroerende zaken.","potentialAction":[{"@type":"SearchAction","target":{"@type":"EntryPoint","urlTemplate":"https:\/\/dejong-notaris.nl\/de\/?s={search_term_string}"},"query-input":{"@type":"PropertyValueSpecification","valueRequired":true,"valueName":"search_term_string"}}],"inLanguage":"nl-NL"}]}},"_links":{"self":[{"href":"https:\/\/dejong-notaris.nl\/de\/wp-json\/wp\/v2\/pages\/1960","targetHints":{"allow":["GET"]}}],"collection":[{"href":"https:\/\/dejong-notaris.nl\/de\/wp-json\/wp\/v2\/pages"}],"about":[{"href":"https:\/\/dejong-notaris.nl\/de\/wp-json\/wp\/v2\/types\/page"}],"author":[{"embeddable":true,"href":"https:\/\/dejong-notaris.nl\/de\/wp-json\/wp\/v2\/users\/1"}],"replies":[{"embeddable":true,"href":"https:\/\/dejong-notaris.nl\/de\/wp-json\/wp\/v2\/comments?post=1960"}],"version-history":[{"count":0,"href":"https:\/\/dejong-notaris.nl\/de\/wp-json\/wp\/v2\/pages\/1960\/revisions"}],"up":[{"embeddable":true,"href":"https:\/\/dejong-notaris.nl\/de\/wp-json\/wp\/v2\/pages\/1940"}],"wp:attachment":[{"href":"https:\/\/dejong-notaris.nl\/de\/wp-json\/wp\/v2\/media?parent=1960"}],"curies":[{"name":"wp","href":"https:\/\/api.w.org\/{rel}","templated":true}]}}