{"id":1963,"date":"2018-06-27T12:45:36","date_gmt":"2018-06-27T12:45:36","guid":{"rendered":"https:\/\/dejong-notaris.nl\/de\/?page_id=1963"},"modified":"2018-11-01T14:40:57","modified_gmt":"2018-11-01T14:40:57","slug":"agrarrecht","status":"publish","type":"page","link":"https:\/\/dejong-notaris.nl\/de\/spezialgebiete\/agrarrecht\/","title":{"rendered":"Agrarrecht"},"content":{"rendered":"<div class=\"wpb-content-wrapper\"><p>[vc_row][vc_column][vc_column_text]Wir sind wie kein anderer die Kanzlei, die spezialisiert ist auf Agrarrecht. Wir sind dann auch Mitglied von VASN [Verein f\u00fcr Agrarspezialisten in der Notarkanzlei]. Notar Rik de Jong hatte sogar Agrarrecht als Wahlfach bei der Absolvierung des Studiums.<\/p>\n<p>Beim Ankauf von Ackerland oder einem ganzen Unternehmen und den verschiedenen Finanzierungsformen dabei, oder bei Fragen \u00fcber alte Grunddienstbarkeiten oder die Befreiung f\u00fcr die Landwirtschaft (dann braucht man keine Grunderwerbssteuer zu bezahlen)), wir k\u00f6nnen Sie dabei wie kein anderer beraten und zur Seite stehen. Oder wenn es sich um das Aufsetzen eines Kaufvertrags, einer \u00dcbertragungsurkunde oder die \u00dcbereignung eines ganzen Bauernbetriebs handelt, \u00fcber die Sachkenntnis verf\u00fcgen wir.[\/vc_column_text][\/vc_column][\/vc_row]<\/p>\n<\/div>","protected":false},"excerpt":{"rendered":"<p>[vc_row][vc_column][vc_column_text]Wir sind wie kein anderer die Kanzlei, die spezialisiert ist auf Agrarrecht. Wir sind dann auch Mitglied von VASN [Verein f\u00fcr Agrarspezialisten in der Notarkanzlei]. Notar Rik de Jong hatte sogar Agrarrecht als Wahlfach bei der Absolvierung des Studiums. Beim Ankauf von Ackerland oder einem ganzen Unternehmen und den verschiedenen Finanzierungsformen dabei, oder bei Fragen&hellip;<\/p>\n","protected":false},"author":1,"featured_media":0,"parent":2012,"menu_order":0,"comment_status":"closed","ping_status":"closed","template":"","meta":{"footnotes":""},"class_list":["post-1963","page","type-page","status-publish","hentry","description-off"],"yoast_head":"<!-- This site is optimized with the Yoast SEO plugin v27.4 - https:\/\/yoast.com\/product\/yoast-seo-wordpress\/ -->\n<title>Agrarrecht - De Jong Notaris DE<\/title>\n<meta name=\"robots\" content=\"index, follow, max-snippet:-1, max-image-preview:large, max-video-preview:-1\" \/>\n<link rel=\"canonical\" href=\"https:\/\/dejong-notaris.nl\/de\/spezialgebiete\/agrarrecht\/\" \/>\n<meta property=\"og:locale\" content=\"nl_NL\" \/>\n<meta property=\"og:type\" content=\"article\" \/>\n<meta property=\"og:title\" content=\"Agrarrecht - De Jong Notaris DE\" \/>\n<meta property=\"og:description\" content=\"[vc_row][vc_column][vc_column_text]Wir sind wie kein anderer die Kanzlei, die spezialisiert ist auf Agrarrecht. Wir sind dann auch Mitglied von VASN [Verein f\u00fcr Agrarspezialisten in der Notarkanzlei]. Notar Rik de Jong hatte sogar Agrarrecht als Wahlfach bei der Absolvierung des Studiums. Beim Ankauf von Ackerland oder einem ganzen Unternehmen und den verschiedenen Finanzierungsformen dabei, oder bei Fragen&hellip;\" \/>\n<meta property=\"og:url\" content=\"https:\/\/dejong-notaris.nl\/de\/spezialgebiete\/agrarrecht\/\" \/>\n<meta property=\"og:site_name\" content=\"De Jong Notaris DE\" \/>\n<meta property=\"article:modified_time\" content=\"2018-11-01T14:40:57+00:00\" \/>\n<meta name=\"twitter:card\" content=\"summary_large_image\" \/>\n<meta name=\"twitter:label1\" content=\"Geschatte leestijd\" \/>\n\t<meta name=\"twitter:data1\" content=\"1 minuut\" \/>\n<script type=\"application\/ld+json\" class=\"yoast-schema-graph\">{\"@context\":\"https:\\\/\\\/schema.org\",\"@graph\":[{\"@type\":\"WebPage\",\"@id\":\"https:\\\/\\\/dejong-notaris.nl\\\/de\\\/spezialgebiete\\\/agrarrecht\\\/\",\"url\":\"https:\\\/\\\/dejong-notaris.nl\\\/de\\\/spezialgebiete\\\/agrarrecht\\\/\",\"name\":\"Agrarrecht - De Jong Notaris DE\",\"isPartOf\":{\"@id\":\"https:\\\/\\\/dejong-notaris.nl\\\/de\\\/#website\"},\"datePublished\":\"2018-06-27T12:45:36+00:00\",\"dateModified\":\"2018-11-01T14:40:57+00:00\",\"breadcrumb\":{\"@id\":\"https:\\\/\\\/dejong-notaris.nl\\\/de\\\/spezialgebiete\\\/agrarrecht\\\/#breadcrumb\"},\"inLanguage\":\"nl-NL\",\"potentialAction\":[{\"@type\":\"ReadAction\",\"target\":[\"https:\\\/\\\/dejong-notaris.nl\\\/de\\\/spezialgebiete\\\/agrarrecht\\\/\"]}]},{\"@type\":\"BreadcrumbList\",\"@id\":\"https:\\\/\\\/dejong-notaris.nl\\\/de\\\/spezialgebiete\\\/agrarrecht\\\/#breadcrumb\",\"itemListElement\":[{\"@type\":\"ListItem\",\"position\":1,\"name\":\"Home\",\"item\":\"https:\\\/\\\/dejong-notaris.nl\\\/de\\\/\"},{\"@type\":\"ListItem\",\"position\":2,\"name\":\"Spezialgebiete\",\"item\":\"https:\\\/\\\/dejong-notaris.nl\\\/de\\\/spezialgebiete\\\/\"},{\"@type\":\"ListItem\",\"position\":3,\"name\":\"Agrarrecht\"}]},{\"@type\":\"WebSite\",\"@id\":\"https:\\\/\\\/dejong-notaris.nl\\\/de\\\/#website\",\"url\":\"https:\\\/\\\/dejong-notaris.nl\\\/de\\\/\",\"name\":\"De Jong Notaris\",\"description\":\"Notari&euml;le praktijk voor personen- en familierecht, ondernemingsrecht en onroerende zaken.\",\"potentialAction\":[{\"@type\":\"SearchAction\",\"target\":{\"@type\":\"EntryPoint\",\"urlTemplate\":\"https:\\\/\\\/dejong-notaris.nl\\\/de\\\/?s={search_term_string}\"},\"query-input\":{\"@type\":\"PropertyValueSpecification\",\"valueRequired\":true,\"valueName\":\"search_term_string\"}}],\"inLanguage\":\"nl-NL\"}]}<\/script>\n<!-- \/ Yoast SEO plugin. -->","yoast_head_json":{"title":"Agrarrecht - De Jong Notaris DE","robots":{"index":"index","follow":"follow","max-snippet":"max-snippet:-1","max-image-preview":"max-image-preview:large","max-video-preview":"max-video-preview:-1"},"canonical":"https:\/\/dejong-notaris.nl\/de\/spezialgebiete\/agrarrecht\/","og_locale":"nl_NL","og_type":"article","og_title":"Agrarrecht - De Jong Notaris DE","og_description":"[vc_row][vc_column][vc_column_text]Wir sind wie kein anderer die Kanzlei, die spezialisiert ist auf Agrarrecht. Wir sind dann auch Mitglied von VASN [Verein f\u00fcr Agrarspezialisten in der Notarkanzlei]. Notar Rik de Jong hatte sogar Agrarrecht als Wahlfach bei der Absolvierung des Studiums. Beim Ankauf von Ackerland oder einem ganzen Unternehmen und den verschiedenen Finanzierungsformen dabei, oder bei Fragen&hellip;","og_url":"https:\/\/dejong-notaris.nl\/de\/spezialgebiete\/agrarrecht\/","og_site_name":"De Jong Notaris DE","article_modified_time":"2018-11-01T14:40:57+00:00","twitter_card":"summary_large_image","twitter_misc":{"Geschatte leestijd":"1 minuut"},"schema":{"@context":"https:\/\/schema.org","@graph":[{"@type":"WebPage","@id":"https:\/\/dejong-notaris.nl\/de\/spezialgebiete\/agrarrecht\/","url":"https:\/\/dejong-notaris.nl\/de\/spezialgebiete\/agrarrecht\/","name":"Agrarrecht - De Jong Notaris DE","isPartOf":{"@id":"https:\/\/dejong-notaris.nl\/de\/#website"},"datePublished":"2018-06-27T12:45:36+00:00","dateModified":"2018-11-01T14:40:57+00:00","breadcrumb":{"@id":"https:\/\/dejong-notaris.nl\/de\/spezialgebiete\/agrarrecht\/#breadcrumb"},"inLanguage":"nl-NL","potentialAction":[{"@type":"ReadAction","target":["https:\/\/dejong-notaris.nl\/de\/spezialgebiete\/agrarrecht\/"]}]},{"@type":"BreadcrumbList","@id":"https:\/\/dejong-notaris.nl\/de\/spezialgebiete\/agrarrecht\/#breadcrumb","itemListElement":[{"@type":"ListItem","position":1,"name":"Home","item":"https:\/\/dejong-notaris.nl\/de\/"},{"@type":"ListItem","position":2,"name":"Spezialgebiete","item":"https:\/\/dejong-notaris.nl\/de\/spezialgebiete\/"},{"@type":"ListItem","position":3,"name":"Agrarrecht"}]},{"@type":"WebSite","@id":"https:\/\/dejong-notaris.nl\/de\/#website","url":"https:\/\/dejong-notaris.nl\/de\/","name":"De Jong Notaris","description":"Notari&euml;le praktijk voor personen- en familierecht, ondernemingsrecht en onroerende zaken.","potentialAction":[{"@type":"SearchAction","target":{"@type":"EntryPoint","urlTemplate":"https:\/\/dejong-notaris.nl\/de\/?s={search_term_string}"},"query-input":{"@type":"PropertyValueSpecification","valueRequired":true,"valueName":"search_term_string"}}],"inLanguage":"nl-NL"}]}},"_links":{"self":[{"href":"https:\/\/dejong-notaris.nl\/de\/wp-json\/wp\/v2\/pages\/1963","targetHints":{"allow":["GET"]}}],"collection":[{"href":"https:\/\/dejong-notaris.nl\/de\/wp-json\/wp\/v2\/pages"}],"about":[{"href":"https:\/\/dejong-notaris.nl\/de\/wp-json\/wp\/v2\/types\/page"}],"author":[{"embeddable":true,"href":"https:\/\/dejong-notaris.nl\/de\/wp-json\/wp\/v2\/users\/1"}],"replies":[{"embeddable":true,"href":"https:\/\/dejong-notaris.nl\/de\/wp-json\/wp\/v2\/comments?post=1963"}],"version-history":[{"count":0,"href":"https:\/\/dejong-notaris.nl\/de\/wp-json\/wp\/v2\/pages\/1963\/revisions"}],"up":[{"embeddable":true,"href":"https:\/\/dejong-notaris.nl\/de\/wp-json\/wp\/v2\/pages\/2012"}],"wp:attachment":[{"href":"https:\/\/dejong-notaris.nl\/de\/wp-json\/wp\/v2\/media?parent=1963"}],"curies":[{"name":"wp","href":"https:\/\/api.w.org\/{rel}","templated":true}]}}