{"id":2016,"date":"2018-06-28T10:34:56","date_gmt":"2018-06-28T10:34:56","guid":{"rendered":"https:\/\/dejong-notaris.nl\/de\/?page_id=2016"},"modified":"2018-11-01T14:43:22","modified_gmt":"2018-11-01T14:43:22","slug":"unternehmenspraxis","status":"publish","type":"page","link":"https:\/\/dejong-notaris.nl\/de\/spezialgebiete\/unternehmenspraxis\/","title":{"rendered":"Unternehmenspraxis"},"content":{"rendered":"<div class=\"wpb-content-wrapper\"><p>[vc_row][vc_column][vc_column_text]Wir sind selbst Unternehmer. Wissen wie kein anderer wie wichtig es ist die Dinge im Griff zu haben. F\u00fcr Sie, aber auch f\u00fcr Dritte, sowohl im juristischen als auch im steuerrechtlichen Bereich. Wenn Sie Ihr eigenes Unternehmen gr\u00fcnden m\u00f6chten, informieren Sie \u00a0dann gut nach den M\u00f6glichkeiten. Das geht bei der Industrie- und Handelskammer oder \u00fcber das Internet, aber, wenn sie alles sofort gut geregelt haben wollen, sind Sie bei uns an der richtigen Adresse. Und suchen wir zusammen nach der richtigen Rechtsform f\u00fcr Ihr Unternehmen. Manche Rechtsformen m\u00fcssen nach dem Gesetz bei einer notariellen Urkunde gegr\u00fcndet werden (wie zum Beispiel ein GmbH oder AG). Bei anderen (wie ein OHG) ist so eine Urkunde empfehlenswert, damit die gro\u00dfen \u00dcberraschungen in der Zukunft verh\u00fctet werden. Denn was, wenn Ihr Gesch\u00e4ftspartner verschwindet, krank wird oder sogar im Todesfall? Oder was, wenn etwas mit Ihnen passiert? In die Zukunft sehen geht nicht. Wohl k\u00f6nnen Sie Sachen im Voraus regeln. Das bringt nicht nur Ruhe, sondern auch Sicherheit.<\/p>\n<p>Und haben Sie schon eine GmbH oder eine OHG und haben sie gro\u00dfe Pl\u00e4ne zu vergr\u00f6\u00dfern) vielleicht wohl andere Unternehmen zu \u00fcbernehmen? Auch dann sind Sie bei uns in guten H\u00e4nden. Wir sorgen zusammen mit Ihnen daf\u00fcr, dass alles in geordneten Bahnen verlaufen wird. Notariell, aber auch steuerrechtlich.[\/vc_column_text][\/vc_column][\/vc_row]<\/p>\n<\/div>","protected":false},"excerpt":{"rendered":"<p>[vc_row][vc_column][vc_column_text]Wir sind selbst Unternehmer. Wissen wie kein anderer wie wichtig es ist die Dinge im Griff zu haben. F\u00fcr Sie, aber auch f\u00fcr Dritte, sowohl im juristischen als auch im steuerrechtlichen Bereich. Wenn Sie Ihr eigenes Unternehmen gr\u00fcnden m\u00f6chten, informieren Sie \u00a0dann gut nach den M\u00f6glichkeiten. Das geht bei der Industrie- und Handelskammer oder \u00fcber&hellip;<\/p>\n","protected":false},"author":1,"featured_media":0,"parent":2012,"menu_order":0,"comment_status":"closed","ping_status":"closed","template":"","meta":{"footnotes":""},"class_list":["post-2016","page","type-page","status-publish","hentry","description-off"],"yoast_head":"<!-- This site is optimized with the Yoast SEO plugin v27.4 - https:\/\/yoast.com\/product\/yoast-seo-wordpress\/ -->\n<title>Unternehmenspraxis - De Jong Notaris DE<\/title>\n<meta name=\"robots\" content=\"index, follow, max-snippet:-1, max-image-preview:large, max-video-preview:-1\" \/>\n<link rel=\"canonical\" href=\"https:\/\/dejong-notaris.nl\/de\/spezialgebiete\/unternehmenspraxis\/\" \/>\n<meta property=\"og:locale\" content=\"nl_NL\" \/>\n<meta property=\"og:type\" content=\"article\" \/>\n<meta property=\"og:title\" content=\"Unternehmenspraxis - De Jong Notaris DE\" \/>\n<meta property=\"og:description\" content=\"[vc_row][vc_column][vc_column_text]Wir sind selbst Unternehmer. Wissen wie kein anderer wie wichtig es ist die Dinge im Griff zu haben. F\u00fcr Sie, aber auch f\u00fcr Dritte, sowohl im juristischen als auch im steuerrechtlichen Bereich. Wenn Sie Ihr eigenes Unternehmen gr\u00fcnden m\u00f6chten, informieren Sie \u00a0dann gut nach den M\u00f6glichkeiten. Das geht bei der Industrie- und Handelskammer oder \u00fcber&hellip;\" \/>\n<meta property=\"og:url\" content=\"https:\/\/dejong-notaris.nl\/de\/spezialgebiete\/unternehmenspraxis\/\" \/>\n<meta property=\"og:site_name\" content=\"De Jong Notaris DE\" \/>\n<meta property=\"article:modified_time\" content=\"2018-11-01T14:43:22+00:00\" \/>\n<meta name=\"twitter:card\" content=\"summary_large_image\" \/>\n<meta name=\"twitter:label1\" content=\"Geschatte leestijd\" \/>\n\t<meta name=\"twitter:data1\" content=\"1 minuut\" \/>\n<script type=\"application\/ld+json\" class=\"yoast-schema-graph\">{\"@context\":\"https:\\\/\\\/schema.org\",\"@graph\":[{\"@type\":\"WebPage\",\"@id\":\"https:\\\/\\\/dejong-notaris.nl\\\/de\\\/spezialgebiete\\\/unternehmenspraxis\\\/\",\"url\":\"https:\\\/\\\/dejong-notaris.nl\\\/de\\\/spezialgebiete\\\/unternehmenspraxis\\\/\",\"name\":\"Unternehmenspraxis - De Jong Notaris DE\",\"isPartOf\":{\"@id\":\"https:\\\/\\\/dejong-notaris.nl\\\/de\\\/#website\"},\"datePublished\":\"2018-06-28T10:34:56+00:00\",\"dateModified\":\"2018-11-01T14:43:22+00:00\",\"breadcrumb\":{\"@id\":\"https:\\\/\\\/dejong-notaris.nl\\\/de\\\/spezialgebiete\\\/unternehmenspraxis\\\/#breadcrumb\"},\"inLanguage\":\"nl-NL\",\"potentialAction\":[{\"@type\":\"ReadAction\",\"target\":[\"https:\\\/\\\/dejong-notaris.nl\\\/de\\\/spezialgebiete\\\/unternehmenspraxis\\\/\"]}]},{\"@type\":\"BreadcrumbList\",\"@id\":\"https:\\\/\\\/dejong-notaris.nl\\\/de\\\/spezialgebiete\\\/unternehmenspraxis\\\/#breadcrumb\",\"itemListElement\":[{\"@type\":\"ListItem\",\"position\":1,\"name\":\"Home\",\"item\":\"https:\\\/\\\/dejong-notaris.nl\\\/de\\\/\"},{\"@type\":\"ListItem\",\"position\":2,\"name\":\"Spezialgebiete\",\"item\":\"https:\\\/\\\/dejong-notaris.nl\\\/de\\\/spezialgebiete\\\/\"},{\"@type\":\"ListItem\",\"position\":3,\"name\":\"Unternehmenspraxis\"}]},{\"@type\":\"WebSite\",\"@id\":\"https:\\\/\\\/dejong-notaris.nl\\\/de\\\/#website\",\"url\":\"https:\\\/\\\/dejong-notaris.nl\\\/de\\\/\",\"name\":\"De Jong Notaris\",\"description\":\"Notari&euml;le praktijk voor personen- en familierecht, ondernemingsrecht en onroerende zaken.\",\"potentialAction\":[{\"@type\":\"SearchAction\",\"target\":{\"@type\":\"EntryPoint\",\"urlTemplate\":\"https:\\\/\\\/dejong-notaris.nl\\\/de\\\/?s={search_term_string}\"},\"query-input\":{\"@type\":\"PropertyValueSpecification\",\"valueRequired\":true,\"valueName\":\"search_term_string\"}}],\"inLanguage\":\"nl-NL\"}]}<\/script>\n<!-- \/ Yoast SEO plugin. -->","yoast_head_json":{"title":"Unternehmenspraxis - De Jong Notaris DE","robots":{"index":"index","follow":"follow","max-snippet":"max-snippet:-1","max-image-preview":"max-image-preview:large","max-video-preview":"max-video-preview:-1"},"canonical":"https:\/\/dejong-notaris.nl\/de\/spezialgebiete\/unternehmenspraxis\/","og_locale":"nl_NL","og_type":"article","og_title":"Unternehmenspraxis - De Jong Notaris DE","og_description":"[vc_row][vc_column][vc_column_text]Wir sind selbst Unternehmer. Wissen wie kein anderer wie wichtig es ist die Dinge im Griff zu haben. F\u00fcr Sie, aber auch f\u00fcr Dritte, sowohl im juristischen als auch im steuerrechtlichen Bereich. Wenn Sie Ihr eigenes Unternehmen gr\u00fcnden m\u00f6chten, informieren Sie \u00a0dann gut nach den M\u00f6glichkeiten. Das geht bei der Industrie- und Handelskammer oder \u00fcber&hellip;","og_url":"https:\/\/dejong-notaris.nl\/de\/spezialgebiete\/unternehmenspraxis\/","og_site_name":"De Jong Notaris DE","article_modified_time":"2018-11-01T14:43:22+00:00","twitter_card":"summary_large_image","twitter_misc":{"Geschatte leestijd":"1 minuut"},"schema":{"@context":"https:\/\/schema.org","@graph":[{"@type":"WebPage","@id":"https:\/\/dejong-notaris.nl\/de\/spezialgebiete\/unternehmenspraxis\/","url":"https:\/\/dejong-notaris.nl\/de\/spezialgebiete\/unternehmenspraxis\/","name":"Unternehmenspraxis - De Jong Notaris DE","isPartOf":{"@id":"https:\/\/dejong-notaris.nl\/de\/#website"},"datePublished":"2018-06-28T10:34:56+00:00","dateModified":"2018-11-01T14:43:22+00:00","breadcrumb":{"@id":"https:\/\/dejong-notaris.nl\/de\/spezialgebiete\/unternehmenspraxis\/#breadcrumb"},"inLanguage":"nl-NL","potentialAction":[{"@type":"ReadAction","target":["https:\/\/dejong-notaris.nl\/de\/spezialgebiete\/unternehmenspraxis\/"]}]},{"@type":"BreadcrumbList","@id":"https:\/\/dejong-notaris.nl\/de\/spezialgebiete\/unternehmenspraxis\/#breadcrumb","itemListElement":[{"@type":"ListItem","position":1,"name":"Home","item":"https:\/\/dejong-notaris.nl\/de\/"},{"@type":"ListItem","position":2,"name":"Spezialgebiete","item":"https:\/\/dejong-notaris.nl\/de\/spezialgebiete\/"},{"@type":"ListItem","position":3,"name":"Unternehmenspraxis"}]},{"@type":"WebSite","@id":"https:\/\/dejong-notaris.nl\/de\/#website","url":"https:\/\/dejong-notaris.nl\/de\/","name":"De Jong Notaris","description":"Notari&euml;le praktijk voor personen- en familierecht, ondernemingsrecht en onroerende zaken.","potentialAction":[{"@type":"SearchAction","target":{"@type":"EntryPoint","urlTemplate":"https:\/\/dejong-notaris.nl\/de\/?s={search_term_string}"},"query-input":{"@type":"PropertyValueSpecification","valueRequired":true,"valueName":"search_term_string"}}],"inLanguage":"nl-NL"}]}},"_links":{"self":[{"href":"https:\/\/dejong-notaris.nl\/de\/wp-json\/wp\/v2\/pages\/2016","targetHints":{"allow":["GET"]}}],"collection":[{"href":"https:\/\/dejong-notaris.nl\/de\/wp-json\/wp\/v2\/pages"}],"about":[{"href":"https:\/\/dejong-notaris.nl\/de\/wp-json\/wp\/v2\/types\/page"}],"author":[{"embeddable":true,"href":"https:\/\/dejong-notaris.nl\/de\/wp-json\/wp\/v2\/users\/1"}],"replies":[{"embeddable":true,"href":"https:\/\/dejong-notaris.nl\/de\/wp-json\/wp\/v2\/comments?post=2016"}],"version-history":[{"count":0,"href":"https:\/\/dejong-notaris.nl\/de\/wp-json\/wp\/v2\/pages\/2016\/revisions"}],"up":[{"embeddable":true,"href":"https:\/\/dejong-notaris.nl\/de\/wp-json\/wp\/v2\/pages\/2012"}],"wp:attachment":[{"href":"https:\/\/dejong-notaris.nl\/de\/wp-json\/wp\/v2\/media?parent=2016"}],"curies":[{"name":"wp","href":"https:\/\/api.w.org\/{rel}","templated":true}]}}